{"id":1024,"date":"2019-10-23T22:14:51","date_gmt":"2019-10-23T22:14:51","guid":{"rendered":"https:\/\/www.bestcoinlaundry.com\/laundromat-faq\/"},"modified":"2021-07-06T16:49:51","modified_gmt":"2021-07-06T16:49:51","slug":"preguntas-frecuentes-sobre-lavanderia","status":"publish","type":"page","link":"https:\/\/www.bestcoinlaundry.com\/es\/preguntas-frecuentes-sobre-lavanderia\/","title":{"rendered":"Preguntas frecuentes sobre lavander\u00eda"},"content":{"rendered":"\n<h2 class=\"wp-block-heading\"><em>\u00bfCu\u00e1l es la \u00faltima vez que puedo lavar una carga de ropa?<\/em><\/h2>\n\n\n\n<p>Nuestro \u00faltimo lavado es a las 9:15 p.m. Esta es la \u00faltima vez que puede comenzar un ciclo de lavado ya que nuestra lavander\u00eda cierra a las 10:00 p.m. Esto le dar\u00e1 tiempo para un ciclo de lavado y usar nuestros secadores r\u00e1pidos.<\/p>\n\n\n\n<h2 class=\"wp-block-heading\"><em>\u00bfOfrecen servicio de lavander\u00eda el mismo d\u00eda?<\/em><\/h2>\n\n\n\n<p>Cuando utiliza nuestro servicio de lavado y plegado, si deja su ropa en nuestra tienda a m\u00e1s tardar a las 11:00 a.m., su ropa se puede completar el mismo d\u00eda.<\/p>\n\n\n\n<h2 class=\"wp-block-heading\"><em>\u00bfCu\u00e1l es el precio del servicio de lavander\u00eda de lavado y plegado?<\/em><\/h2>\n\n\n\n<p>Nuestro servicio de lavado y lavado de ropa tiene un precio basado en el peso por libra de su ropa. (NOTA: los edredones <em>NO<\/em> est\u00e1n incluidos en el programa de precios de lavado por peso debido a sus materiales \u00fanicos y al cuidado especial requerido para la limpieza).<\/p>\n\n\n\n<h2 class=\"wp-block-heading\"><em>\u00bfAceptan tarjetas de cr\u00e9dito para el pago?<\/em><\/h2>\n\n\n\n<p>Aceptamos Visa, Mastercard, tarjetas de d\u00e9bito, tarjetas EBT, monedas, as\u00ed como nuestras tarjetas de lavado Lavander\u00eda de cuatro esquinas. Cuando usa nuestra Tarjeta Wash, obtiene un bono del 10% por cada $ 10 o m\u00e1s comprados (la tarjeta se puede cargar en incrementos de $ 10). Por ejemplo, si paga $ 10 para cargar su Tarjeta de lavado, obtendr\u00e1 $ 11 en la Tarjeta de lavado.<\/p>\n\n\n\n<h2 class=\"wp-block-heading\"><em>\u00bfC\u00f3mo s\u00e9 qu\u00e9 m\u00e1quina usar y c\u00f3mo usarla?<\/em><\/h2>\n\n\n\n<p>Nuestro experimentado y profesional personal de lavander\u00eda est\u00e1 siempre en el lugar para ayudarlo con cualquier pregunta que tenga sobre nuestras lavadoras y secadoras, incluida la m\u00e1quina que debe usar y c\u00f3mo usarla. \u00a1Siempre puede contar con nuestros \u00abprofesionales de la lavander\u00eda\u00bb cuando lava la ropa en Laundromart of Four Corners! <\/p>\n\n\n\n<h2 class=\"wp-block-heading\"><em>\u00bfQu\u00e9 sucede si siento que mi ropa no est\u00e1 limpia despu\u00e9s del ciclo de lavado?<\/em><\/h2>\n\n\n\n<p>Si siente que su ropa no est\u00e1 limpia despu\u00e9s de pasar por un ciclo completo de lavado, puede usar la lavadora para ejecutar otro ciclo de lavado nuevamente GRATIS. \u00a1Esto es parte de nuestra garant\u00eda de limpieza y secado! Si su carga no est\u00e1 seca, puede continuar sec\u00e1ndola GRATIS, \u00a1sin necesidad de agregar m\u00e1s dinero a la secadora!<\/p>\n\n\n\n<p><\/p>\n","protected":false},"excerpt":{"rendered":"<p>\u00bfCu\u00e1l es la \u00faltima vez que puedo lavar una carga de ropa? Nuestro \u00faltimo lavado es a las 9:15 p.m. Esta es la \u00faltima vez que puede comenzar un ciclo de lavado ya que nuestra lavander\u00eda cierra a las 10:00 p.m. Esto le dar\u00e1 tiempo para un ciclo de lavado y usar nuestros secadores r\u00e1pidos. [&hellip;]<\/p>\n","protected":false},"author":1,"featured_media":2043,"parent":0,"menu_order":0,"comment_status":"closed","ping_status":"closed","template":"","meta":{"footnotes":""},"class_list":["post-1024","page","type-page","status-publish","has-post-thumbnail","hentry"],"yoast_head":"<!-- This site is optimized with the Yoast SEO plugin v27.6 - https:\/\/yoast.com\/product\/yoast-seo-wordpress\/ -->\n<title>Lavander\u00eda FAQ | Lavander\u00eda con monedas Servicio de lavander\u00eda y lavander\u00eda | Clermont cerca de Kissimmee FL<\/title>\n<meta name=\"robots\" content=\"index, follow, max-snippet:-1, max-image-preview:large, max-video-preview:-1\" \/>\n<link rel=\"canonical\" href=\"https:\/\/www.bestcoinlaundry.com\/es\/preguntas-frecuentes-sobre-lavanderia\/\" \/>\n<meta property=\"og:locale\" content=\"es_ES\" \/>\n<meta property=\"og:type\" content=\"article\" \/>\n<meta property=\"og:title\" content=\"Lavander\u00eda FAQ | Lavander\u00eda con monedas Servicio de lavander\u00eda y lavander\u00eda | Clermont cerca de Kissimmee FL\" \/>\n<meta property=\"og:description\" content=\"\u00bfCu\u00e1l es la \u00faltima vez que puedo lavar una carga de ropa? Nuestro \u00faltimo lavado es a las 9:15 p.m. Esta es la \u00faltima vez que puede comenzar un ciclo de lavado ya que nuestra lavander\u00eda cierra a las 10:00 p.m. Esto le dar\u00e1 tiempo para un ciclo de lavado y usar nuestros secadores r\u00e1pidos. [&hellip;]\" \/>\n<meta property=\"og:url\" content=\"https:\/\/www.bestcoinlaundry.com\/es\/preguntas-frecuentes-sobre-lavanderia\/\" \/>\n<meta property=\"og:site_name\" content=\"Coin Laundry Laundromat &amp; Laundry Service | Clermont near Kissimmee FL\" \/>\n<meta property=\"article:publisher\" content=\"https:\/\/www.facebook.com\/bestcoinlaundry\/\" \/>\n<meta property=\"article:modified_time\" content=\"2021-07-06T16:49:51+00:00\" \/>\n<meta property=\"og:image\" content=\"https:\/\/www.bestcoinlaundry.com\/wp-content\/uploads\/2021\/06\/best-coin-washing-machines.jpg\" \/>\n\t<meta property=\"og:image:width\" content=\"1500\" \/>\n\t<meta property=\"og:image:height\" content=\"1000\" \/>\n\t<meta property=\"og:image:type\" content=\"image\/jpeg\" \/>\n<meta name=\"twitter:card\" content=\"summary_large_image\" \/>\n<meta name=\"twitter:label1\" content=\"Tiempo de lectura\" \/>\n\t<meta name=\"twitter:data1\" content=\"2 minutos\" \/>\n<script type=\"application\/ld+json\" class=\"yoast-schema-graph\">{\"@context\":\"https:\\\/\\\/schema.org\",\"@graph\":[{\"@type\":\"WebPage\",\"@id\":\"https:\\\/\\\/www.bestcoinlaundry.com\\\/es\\\/preguntas-frecuentes-sobre-lavanderia\\\/\",\"url\":\"https:\\\/\\\/www.bestcoinlaundry.com\\\/es\\\/preguntas-frecuentes-sobre-lavanderia\\\/\",\"name\":\"Lavander\u00eda FAQ | Lavander\u00eda con monedas Servicio de lavander\u00eda y lavander\u00eda | Clermont cerca de Kissimmee FL\",\"isPartOf\":{\"@id\":\"https:\\\/\\\/www.bestcoinlaundry.com\\\/es\\\/#website\"},\"primaryImageOfPage\":{\"@id\":\"https:\\\/\\\/www.bestcoinlaundry.com\\\/es\\\/preguntas-frecuentes-sobre-lavanderia\\\/#primaryimage\"},\"image\":{\"@id\":\"https:\\\/\\\/www.bestcoinlaundry.com\\\/es\\\/preguntas-frecuentes-sobre-lavanderia\\\/#primaryimage\"},\"thumbnailUrl\":\"https:\\\/\\\/www.bestcoinlaundry.com\\\/wp-content\\\/uploads\\\/2021\\\/06\\\/best-coin-washing-machines.jpg\",\"datePublished\":\"2019-10-23T22:14:51+00:00\",\"dateModified\":\"2021-07-06T16:49:51+00:00\",\"breadcrumb\":{\"@id\":\"https:\\\/\\\/www.bestcoinlaundry.com\\\/es\\\/preguntas-frecuentes-sobre-lavanderia\\\/#breadcrumb\"},\"inLanguage\":\"es\",\"potentialAction\":[{\"@type\":\"ReadAction\",\"target\":[\"https:\\\/\\\/www.bestcoinlaundry.com\\\/es\\\/preguntas-frecuentes-sobre-lavanderia\\\/\"]}]},{\"@type\":\"ImageObject\",\"inLanguage\":\"es\",\"@id\":\"https:\\\/\\\/www.bestcoinlaundry.com\\\/es\\\/preguntas-frecuentes-sobre-lavanderia\\\/#primaryimage\",\"url\":\"https:\\\/\\\/www.bestcoinlaundry.com\\\/wp-content\\\/uploads\\\/2021\\\/06\\\/best-coin-washing-machines.jpg\",\"contentUrl\":\"https:\\\/\\\/www.bestcoinlaundry.com\\\/wp-content\\\/uploads\\\/2021\\\/06\\\/best-coin-washing-machines.jpg\",\"width\":1500,\"height\":1000},{\"@type\":\"BreadcrumbList\",\"@id\":\"https:\\\/\\\/www.bestcoinlaundry.com\\\/es\\\/preguntas-frecuentes-sobre-lavanderia\\\/#breadcrumb\",\"itemListElement\":[{\"@type\":\"ListItem\",\"position\":1,\"name\":\"Home\",\"item\":\"https:\\\/\\\/www.bestcoinlaundry.com\\\/es\\\/\"},{\"@type\":\"ListItem\",\"position\":2,\"name\":\"Preguntas frecuentes sobre lavander\u00eda\"}]},{\"@type\":\"WebSite\",\"@id\":\"https:\\\/\\\/www.bestcoinlaundry.com\\\/es\\\/#website\",\"url\":\"https:\\\/\\\/www.bestcoinlaundry.com\\\/es\\\/\",\"name\":\"Coin Laundry Laundromat &amp; Laundry Service | Clermont near Kissimmee FL\",\"description\":\"\",\"publisher\":{\"@id\":\"https:\\\/\\\/www.bestcoinlaundry.com\\\/es\\\/#organization\"},\"potentialAction\":[{\"@type\":\"SearchAction\",\"target\":{\"@type\":\"EntryPoint\",\"urlTemplate\":\"https:\\\/\\\/www.bestcoinlaundry.com\\\/es\\\/?s={search_term_string}\"},\"query-input\":{\"@type\":\"PropertyValueSpecification\",\"valueRequired\":true,\"valueName\":\"search_term_string\"}}],\"inLanguage\":\"es\"},{\"@type\":\"Organization\",\"@id\":\"https:\\\/\\\/www.bestcoinlaundry.com\\\/es\\\/#organization\",\"name\":\"Laundromart of Four Corners\",\"url\":\"https:\\\/\\\/www.bestcoinlaundry.com\\\/es\\\/\",\"logo\":{\"@type\":\"ImageObject\",\"inLanguage\":\"es\",\"@id\":\"https:\\\/\\\/www.bestcoinlaundry.com\\\/es\\\/#\\\/schema\\\/logo\\\/image\\\/\",\"url\":\"https:\\\/\\\/www.bestcoinlaundry.com\\\/wp-content\\\/uploads\\\/2015\\\/02\\\/laundromartfourcorners.jpg\",\"contentUrl\":\"https:\\\/\\\/www.bestcoinlaundry.com\\\/wp-content\\\/uploads\\\/2015\\\/02\\\/laundromartfourcorners.jpg\",\"width\":2295,\"height\":1785,\"caption\":\"Laundromart of Four Corners\"},\"image\":{\"@id\":\"https:\\\/\\\/www.bestcoinlaundry.com\\\/es\\\/#\\\/schema\\\/logo\\\/image\\\/\"},\"sameAs\":[\"https:\\\/\\\/www.facebook.com\\\/bestcoinlaundry\\\/\",\"https:\\\/\\\/www.instagram.com\\\/laundromart_of_four_corners\\\/\"]}]}<\/script>\n<!-- \/ Yoast SEO plugin. -->","yoast_head_json":{"title":"Lavander\u00eda FAQ | Lavander\u00eda con monedas Servicio de lavander\u00eda y lavander\u00eda | Clermont cerca de Kissimmee FL","robots":{"index":"index","follow":"follow","max-snippet":"max-snippet:-1","max-image-preview":"max-image-preview:large","max-video-preview":"max-video-preview:-1"},"canonical":"https:\/\/www.bestcoinlaundry.com\/es\/preguntas-frecuentes-sobre-lavanderia\/","og_locale":"es_ES","og_type":"article","og_title":"Lavander\u00eda FAQ | Lavander\u00eda con monedas Servicio de lavander\u00eda y lavander\u00eda | Clermont cerca de Kissimmee FL","og_description":"\u00bfCu\u00e1l es la \u00faltima vez que puedo lavar una carga de ropa? Nuestro \u00faltimo lavado es a las 9:15 p.m. Esta es la \u00faltima vez que puede comenzar un ciclo de lavado ya que nuestra lavander\u00eda cierra a las 10:00 p.m. Esto le dar\u00e1 tiempo para un ciclo de lavado y usar nuestros secadores r\u00e1pidos. [&hellip;]","og_url":"https:\/\/www.bestcoinlaundry.com\/es\/preguntas-frecuentes-sobre-lavanderia\/","og_site_name":"Coin Laundry Laundromat &amp; Laundry Service | Clermont near Kissimmee FL","article_publisher":"https:\/\/www.facebook.com\/bestcoinlaundry\/","article_modified_time":"2021-07-06T16:49:51+00:00","og_image":[{"width":1500,"height":1000,"url":"https:\/\/www.bestcoinlaundry.com\/wp-content\/uploads\/2021\/06\/best-coin-washing-machines.jpg","type":"image\/jpeg"}],"twitter_card":"summary_large_image","twitter_misc":{"Tiempo de lectura":"2 minutos"},"schema":{"@context":"https:\/\/schema.org","@graph":[{"@type":"WebPage","@id":"https:\/\/www.bestcoinlaundry.com\/es\/preguntas-frecuentes-sobre-lavanderia\/","url":"https:\/\/www.bestcoinlaundry.com\/es\/preguntas-frecuentes-sobre-lavanderia\/","name":"Lavander\u00eda FAQ | Lavander\u00eda con monedas Servicio de lavander\u00eda y lavander\u00eda | Clermont cerca de Kissimmee FL","isPartOf":{"@id":"https:\/\/www.bestcoinlaundry.com\/es\/#website"},"primaryImageOfPage":{"@id":"https:\/\/www.bestcoinlaundry.com\/es\/preguntas-frecuentes-sobre-lavanderia\/#primaryimage"},"image":{"@id":"https:\/\/www.bestcoinlaundry.com\/es\/preguntas-frecuentes-sobre-lavanderia\/#primaryimage"},"thumbnailUrl":"https:\/\/www.bestcoinlaundry.com\/wp-content\/uploads\/2021\/06\/best-coin-washing-machines.jpg","datePublished":"2019-10-23T22:14:51+00:00","dateModified":"2021-07-06T16:49:51+00:00","breadcrumb":{"@id":"https:\/\/www.bestcoinlaundry.com\/es\/preguntas-frecuentes-sobre-lavanderia\/#breadcrumb"},"inLanguage":"es","potentialAction":[{"@type":"ReadAction","target":["https:\/\/www.bestcoinlaundry.com\/es\/preguntas-frecuentes-sobre-lavanderia\/"]}]},{"@type":"ImageObject","inLanguage":"es","@id":"https:\/\/www.bestcoinlaundry.com\/es\/preguntas-frecuentes-sobre-lavanderia\/#primaryimage","url":"https:\/\/www.bestcoinlaundry.com\/wp-content\/uploads\/2021\/06\/best-coin-washing-machines.jpg","contentUrl":"https:\/\/www.bestcoinlaundry.com\/wp-content\/uploads\/2021\/06\/best-coin-washing-machines.jpg","width":1500,"height":1000},{"@type":"BreadcrumbList","@id":"https:\/\/www.bestcoinlaundry.com\/es\/preguntas-frecuentes-sobre-lavanderia\/#breadcrumb","itemListElement":[{"@type":"ListItem","position":1,"name":"Home","item":"https:\/\/www.bestcoinlaundry.com\/es\/"},{"@type":"ListItem","position":2,"name":"Preguntas frecuentes sobre lavander\u00eda"}]},{"@type":"WebSite","@id":"https:\/\/www.bestcoinlaundry.com\/es\/#website","url":"https:\/\/www.bestcoinlaundry.com\/es\/","name":"Coin Laundry Laundromat &amp; Laundry Service | Clermont near Kissimmee FL","description":"","publisher":{"@id":"https:\/\/www.bestcoinlaundry.com\/es\/#organization"},"potentialAction":[{"@type":"SearchAction","target":{"@type":"EntryPoint","urlTemplate":"https:\/\/www.bestcoinlaundry.com\/es\/?s={search_term_string}"},"query-input":{"@type":"PropertyValueSpecification","valueRequired":true,"valueName":"search_term_string"}}],"inLanguage":"es"},{"@type":"Organization","@id":"https:\/\/www.bestcoinlaundry.com\/es\/#organization","name":"Laundromart of Four Corners","url":"https:\/\/www.bestcoinlaundry.com\/es\/","logo":{"@type":"ImageObject","inLanguage":"es","@id":"https:\/\/www.bestcoinlaundry.com\/es\/#\/schema\/logo\/image\/","url":"https:\/\/www.bestcoinlaundry.com\/wp-content\/uploads\/2015\/02\/laundromartfourcorners.jpg","contentUrl":"https:\/\/www.bestcoinlaundry.com\/wp-content\/uploads\/2015\/02\/laundromartfourcorners.jpg","width":2295,"height":1785,"caption":"Laundromart of Four Corners"},"image":{"@id":"https:\/\/www.bestcoinlaundry.com\/es\/#\/schema\/logo\/image\/"},"sameAs":["https:\/\/www.facebook.com\/bestcoinlaundry\/","https:\/\/www.instagram.com\/laundromart_of_four_corners\/"]}]}},"_links":{"self":[{"href":"https:\/\/www.bestcoinlaundry.com\/es\/wp-json\/wp\/v2\/pages\/1024","targetHints":{"allow":["GET"]}}],"collection":[{"href":"https:\/\/www.bestcoinlaundry.com\/es\/wp-json\/wp\/v2\/pages"}],"about":[{"href":"https:\/\/www.bestcoinlaundry.com\/es\/wp-json\/wp\/v2\/types\/page"}],"author":[{"embeddable":true,"href":"https:\/\/www.bestcoinlaundry.com\/es\/wp-json\/wp\/v2\/users\/1"}],"replies":[{"embeddable":true,"href":"https:\/\/www.bestcoinlaundry.com\/es\/wp-json\/wp\/v2\/comments?post=1024"}],"version-history":[{"count":1,"href":"https:\/\/www.bestcoinlaundry.com\/es\/wp-json\/wp\/v2\/pages\/1024\/revisions"}],"predecessor-version":[{"id":2180,"href":"https:\/\/www.bestcoinlaundry.com\/es\/wp-json\/wp\/v2\/pages\/1024\/revisions\/2180"}],"wp:featuredmedia":[{"embeddable":true,"href":"https:\/\/www.bestcoinlaundry.com\/es\/wp-json\/wp\/v2\/media\/2043"}],"wp:attachment":[{"href":"https:\/\/www.bestcoinlaundry.com\/es\/wp-json\/wp\/v2\/media?parent=1024"}],"curies":[{"name":"wp","href":"https:\/\/api.w.org\/{rel}","templated":true}]}}