{"id":1037,"date":"2019-03-06T16:39:24","date_gmt":"2019-03-06T16:39:24","guid":{"rendered":"https:\/\/www.bestcoinlaundry.com\/laundry-service-customers\/"},"modified":"2021-07-13T06:02:11","modified_gmt":"2021-07-13T06:02:11","slug":"servicio-de-lavanderia-clientes","status":"publish","type":"page","link":"https:\/\/www.bestcoinlaundry.com\/es\/servicio-de-lavanderia-clientes\/","title":{"rendered":"Servicio de lavander\u00eda Clientes"},"content":{"rendered":"\n<p>Cuando se trata de un excelente <em>servicio de lavander\u00eda<\/em>, lo primero es concentrarse en los clientes. En Laundromart of Four Corners, somos una lavander\u00eda autom\u00e1tica centrada en el cliente. Centrar nuestra atenci\u00f3n por completo en garantizar la comodidad y la satisfacci\u00f3n de todos nuestros clientes de lavander\u00eda es nuestra principal prioridad.<\/p>\n\n\n\n<p>Servimos a una amplia gama de clientes que incluyen residentes locales y empresas, as\u00ed como turistas, propietarios de alquileres de vacaciones, equipos deportivos, campistas y muchos m\u00e1s que se acercaron a las \u00e1reas de Four Corners, Celebration, Kissimmee y Davenport.<\/p>\n\n\n\n<figure class=\"wp-block-image\"><img loading=\"lazy\" decoding=\"async\" width=\"680\" height=\"401\" src=\"https:\/\/www.bestcoinlaundry.com\/wp-content\/uploads\/2016\/10\/Laundromart-4-Corners.png\" alt=\"\" class=\"wp-image-1472\" srcset=\"https:\/\/www.bestcoinlaundry.com\/wp-content\/uploads\/2016\/10\/Laundromart-4-Corners.png 680w, https:\/\/www.bestcoinlaundry.com\/wp-content\/uploads\/2016\/10\/Laundromart-4-Corners-300x177.png 300w\" sizes=\"(max-width: 680px) 100vw, 680px\" \/><\/figure>\n\n\n\n<p>Algunos de los clientes queridos que ayudamos a servir incluyen, entre otros:<\/p>\n\n\n\n<h2 class=\"wp-block-heading\">Servicio completo de lavander\u00eda y autoservicio para clientes de lavander\u00eda<\/h2>\n\n\n\n<h3 class=\"wp-block-heading\">Uniformes para empleados, atletas y equipos deportivos<\/h3>\n\n\n\n<p>Con tantos negocios basados en servicios y atletas y equipos deportivos en y alrededor del \u00e1rea de Kissimmee FL, la necesidad de servicios confiables de lavander\u00eda de calidad para uniformes es cr\u00edtica. Un uniforme sucio, ropa manchada o peor, puede significar la diferencia entre ganar o perder.<\/p>\n\n\n\n<p>Sabemos lo importante que es que los uniformes necesiten cuidados y lavados a diario y que est\u00e9n limpios y listos para usar al d\u00eda siguiente. No solo aseguramos un tiempo de respuesta r\u00e1pido, sino que tambi\u00e9n nos aseguramos de que cada uniforme est\u00e9 tan limpio e impecable como sea posible para que cada atleta pueda usarlo con orgullo al d\u00eda siguiente.<\/p>\n\n\n\n<p>Adem\u00e1s, nuestras m\u00e1quinas son lavadoras y secadoras modernas de alta tecnolog\u00eda que desinfectan la ropa para evitar la propagaci\u00f3n de virus, superbacterias y bacterias, MRSA y similares. Esto es fundamental para la seguridad y la salud de todos los interesados, ya sean empleados, atletas o participantes.<\/p>\n\n\n\n<h3 class=\"wp-block-heading\">Propietarios de condominios y propietarios de alquileres vacacionales <\/h3>\n\n\n\n<p>Los propietarios de condominios y casas de vacaciones a menudo alquilan sus propiedades a viajeros y vacacionistas. Ya sean resorts y empresas de gesti\u00f3n de vacaciones para VRBO y propietarios de condominios, todos los hu\u00e9spedes esperan ropa de cama, toallas y s\u00e1banas limpias, impecables y frescas. Esto solo puede ocurrir cuando la ropa de cama y la ropa de cama se limpian regularmente y a menudo a diario.<\/p>\n\n\n\n<p>Cuando se trata de propiedades para visitantes y vacaciones, la calidad y la capacidad de proporcionar excelentes resultados son de suma importancia. Nuestras <a href=\"https:\/\/www.bestcoinlaundry.com\/es\/lavanderia-con-monedas-cerca-de-kissimmee\/\">modernas m\u00e1quinas comerciales de alta capacidad<\/a> aseguran la limpieza de sus art\u00edculos y preservan su longevidad.<\/p>\n\n\n\n<p>\u00a1Ofrecemos <a href=\"\/es\/servicios-de-lavanderia\/\">servicios de lavander\u00eda de alta calidad<\/a> que encantar\u00e1 a sus invitados y mantendremos su calendario reservado! Comun\u00edquese con nosotros para analizar c\u00f3mo nuestra experiencia de brindar servicio de lavander\u00eda a administradores de propiedades y propietarios de alquileres vacacionales puede funcionar para usted.<\/p>\n\n\n\n<h3 class=\"wp-block-heading\">Visitantes y turistas<\/h3>\n\n\n\n<p>Con todo lo que el \u00e1rea de Disney, Kissimmee y Celebration tienen para ofrecer, nuestra lavander\u00eda ve y sirve a un gran volumen de visitantes y turistas durante todo el a\u00f1o. Cuando viaja y est\u00e1 de vacaciones, las comodidades del hogar no siempre est\u00e1n disponibles, especialmente en hoteles, campamentos, moteles y similares. \u00a1Quieres lucir bonita y limpia para esa imagen perfecta, para ese recuerdo perfecto!<\/p>\n\n\n\n<p>Cuando viaje, es posible que necesite lavar la ropa o lavar la ropa para lavar, secar y planchar su ropa r\u00e1pidamente y devolverla en perfectas condiciones. Satisfacemos esta necesidad ya que la nuestra es una instalaci\u00f3n de vanguardia y respetuosa con el medio ambiente dedicada a entregar la ropa m\u00e1s limpia, seca y planchada (si se solicita) para momentos perfectos.<\/p>\n\n\n\n<h3 class=\"wp-block-heading\">Campistas<\/h3>\n\n\n\n<p>Como los campistas est\u00e1n en movimiento, conf\u00edan en nuestra lavander\u00eda de calidad para lavar la ropa cuando acampan en las \u00e1reas de Celebration y Kissimmee. Ofrecemos un tiempo de respuesta r\u00e1pido, asistencia de los asistentes de lavander\u00eda, m\u00e1quinas nuevas y modernas que usan menos detergente y mucho m\u00e1s que se ajustan a las necesidades de los campistas y nos convierten en su lavander\u00eda m\u00e1s favorecida en el \u00e1rea.<\/p>\n\n\n\n<h3 class=\"wp-block-heading\">Residentes locales<\/h3>\n\n\n\n<p>Ofrecemos una amplia gama de <em>servicios de lavander\u00eda<\/em> para residentes que viven en las \u00e1reas de Four Corners, Reunion y Kissimmee y sus alrededores. Servicio de recogida y entrega, tiempo de respuesta las 24 horas, facilidad de estacionamiento, personal amable y servicial, opciones de pago convenientes, muchas comodidades para mantenerlo ocupado mientras lava la ropa, son solo algunos de los muchos factores que nos hacen uno de los mejores lavander\u00edas cerca de Kissimmee FL.<\/p>\n\n\n\n<p>Nos destacamos por atender las necesidades \u00fanicas de lavander\u00eda de una amplia gama de clientes. Habernos ganado el amor y la confianza de nuestros clientes leales es lo que nos motiva. Nos enorgullece haber establecido un punto de referencia para servicios de lavander\u00eda de calidad superior en nuestra \u00e1rea. \u00a1Solo d\u00edganos c\u00f3mo podemos ayudarlo!<\/p>\n\n\n\n<p>Visite nuestra lavander\u00eda en el <a href=\"https:\/\/www.publix.com\/locations\/684-publix-at-summer-bay\" target=\"_blank\" rel=\"noreferrer noopener\">Publix Market<\/a> en el complejo comercial Summer Bay en 17445 US Hwy. 192 a solo 1\/4 de milla al este de la autopista 27.<\/p>\n\n\n\n<p>Ahorrar tiempo. \u00a1Ahorre dinero y d\u00e9jenos todas sus preocupaciones de lavander\u00eda!<\/p>\n\n\n\n<p>Cont\u00e1ctenos para conocer m\u00e1s!<\/p>\n","protected":false},"excerpt":{"rendered":"<p>Cuando se trata de un excelente servicio de lavander\u00eda, lo primero es concentrarse en los clientes. En Laundromart of Four Corners, somos una lavander\u00eda autom\u00e1tica centrada en el cliente. Centrar nuestra atenci\u00f3n por completo en garantizar la comodidad y la satisfacci\u00f3n de todos nuestros clientes de lavander\u00eda es nuestra principal prioridad. Servimos a una amplia [&hellip;]<\/p>\n","protected":false},"author":4,"featured_media":1492,"parent":0,"menu_order":0,"comment_status":"closed","ping_status":"closed","template":"","meta":{"footnotes":""},"class_list":["post-1037","page","type-page","status-publish","has-post-thumbnail","hentry"],"yoast_head":"<!-- This site is optimized with the Yoast SEO plugin v27.5 - https:\/\/yoast.com\/product\/yoast-seo-wordpress\/ -->\n<title>Servicio de lavander\u00eda Clientes | Lavander\u00eda de Four Corners FL<\/title>\n<meta name=\"description\" content=\"Nuestra lavander\u00eda Four Corners le ayuda con todas sus necesidades de lavander\u00eda con autoservicio de lavado de monedas y servicio de lavander\u00eda de lavado y plegado. Vis\u00edtanos hoy!\" \/>\n<meta name=\"robots\" content=\"index, follow, max-snippet:-1, max-image-preview:large, max-video-preview:-1\" \/>\n<link rel=\"canonical\" href=\"https:\/\/www.bestcoinlaundry.com\/es\/servicio-de-lavanderia-clientes\/\" \/>\n<meta property=\"og:locale\" content=\"es_ES\" \/>\n<meta property=\"og:type\" content=\"article\" \/>\n<meta property=\"og:title\" content=\"Servicio de lavander\u00eda Clientes | Lavander\u00eda de Four Corners FL\" \/>\n<meta property=\"og:description\" content=\"Nuestra lavander\u00eda Four Corners le ayuda con todas sus necesidades de lavander\u00eda con autoservicio de lavado de monedas y servicio de lavander\u00eda de lavado y plegado. Vis\u00edtanos hoy!\" \/>\n<meta property=\"og:url\" content=\"https:\/\/www.bestcoinlaundry.com\/es\/servicio-de-lavanderia-clientes\/\" \/>\n<meta property=\"og:site_name\" content=\"Coin Laundry Laundromat &amp; Laundry Service | Clermont near Kissimmee FL\" \/>\n<meta property=\"article:publisher\" content=\"https:\/\/www.facebook.com\/bestcoinlaundry\/\" \/>\n<meta property=\"article:modified_time\" content=\"2021-07-13T06:02:11+00:00\" \/>\n<meta property=\"og:image\" content=\"https:\/\/www.bestcoinlaundry.com\/wp-content\/uploads\/2020\/03\/save-time-doing-laundry-kissimmee-laundromat.jpg\" \/>\n\t<meta property=\"og:image:width\" content=\"1000\" \/>\n\t<meta property=\"og:image:height\" content=\"667\" \/>\n\t<meta property=\"og:image:type\" content=\"image\/jpeg\" \/>\n<meta name=\"twitter:card\" content=\"summary_large_image\" \/>\n<meta name=\"twitter:label1\" content=\"Tiempo de lectura\" \/>\n\t<meta name=\"twitter:data1\" content=\"4 minutos\" \/>\n<script type=\"application\/ld+json\" class=\"yoast-schema-graph\">{\"@context\":\"https:\\\/\\\/schema.org\",\"@graph\":[{\"@type\":\"WebPage\",\"@id\":\"https:\\\/\\\/www.bestcoinlaundry.com\\\/es\\\/servicio-de-lavanderia-clientes\\\/\",\"url\":\"https:\\\/\\\/www.bestcoinlaundry.com\\\/es\\\/servicio-de-lavanderia-clientes\\\/\",\"name\":\"Servicio de lavander\u00eda Clientes | Lavander\u00eda de Four Corners FL\",\"isPartOf\":{\"@id\":\"https:\\\/\\\/www.bestcoinlaundry.com\\\/es\\\/#website\"},\"primaryImageOfPage\":{\"@id\":\"https:\\\/\\\/www.bestcoinlaundry.com\\\/es\\\/servicio-de-lavanderia-clientes\\\/#primaryimage\"},\"image\":{\"@id\":\"https:\\\/\\\/www.bestcoinlaundry.com\\\/es\\\/servicio-de-lavanderia-clientes\\\/#primaryimage\"},\"thumbnailUrl\":\"https:\\\/\\\/www.bestcoinlaundry.com\\\/wp-content\\\/uploads\\\/2020\\\/03\\\/save-time-doing-laundry-kissimmee-laundromat.jpg\",\"datePublished\":\"2019-03-06T16:39:24+00:00\",\"dateModified\":\"2021-07-13T06:02:11+00:00\",\"description\":\"Nuestra lavander\u00eda Four Corners le ayuda con todas sus necesidades de lavander\u00eda con autoservicio de lavado de monedas y servicio de lavander\u00eda de lavado y plegado. Vis\u00edtanos hoy!\",\"breadcrumb\":{\"@id\":\"https:\\\/\\\/www.bestcoinlaundry.com\\\/es\\\/servicio-de-lavanderia-clientes\\\/#breadcrumb\"},\"inLanguage\":\"es\",\"potentialAction\":[{\"@type\":\"ReadAction\",\"target\":[\"https:\\\/\\\/www.bestcoinlaundry.com\\\/es\\\/servicio-de-lavanderia-clientes\\\/\"]}]},{\"@type\":\"ImageObject\",\"inLanguage\":\"es\",\"@id\":\"https:\\\/\\\/www.bestcoinlaundry.com\\\/es\\\/servicio-de-lavanderia-clientes\\\/#primaryimage\",\"url\":\"https:\\\/\\\/www.bestcoinlaundry.com\\\/wp-content\\\/uploads\\\/2020\\\/03\\\/save-time-doing-laundry-kissimmee-laundromat.jpg\",\"contentUrl\":\"https:\\\/\\\/www.bestcoinlaundry.com\\\/wp-content\\\/uploads\\\/2020\\\/03\\\/save-time-doing-laundry-kissimmee-laundromat.jpg\",\"width\":1000,\"height\":667,\"caption\":\"\"},{\"@type\":\"BreadcrumbList\",\"@id\":\"https:\\\/\\\/www.bestcoinlaundry.com\\\/es\\\/servicio-de-lavanderia-clientes\\\/#breadcrumb\",\"itemListElement\":[{\"@type\":\"ListItem\",\"position\":1,\"name\":\"Home\",\"item\":\"https:\\\/\\\/www.bestcoinlaundry.com\\\/es\\\/\"},{\"@type\":\"ListItem\",\"position\":2,\"name\":\"Servicio de lavander\u00eda Clientes\"}]},{\"@type\":\"WebSite\",\"@id\":\"https:\\\/\\\/www.bestcoinlaundry.com\\\/es\\\/#website\",\"url\":\"https:\\\/\\\/www.bestcoinlaundry.com\\\/es\\\/\",\"name\":\"Coin Laundry Laundromat &amp; Laundry Service | Clermont near Kissimmee FL\",\"description\":\"\",\"publisher\":{\"@id\":\"https:\\\/\\\/www.bestcoinlaundry.com\\\/es\\\/#organization\"},\"potentialAction\":[{\"@type\":\"SearchAction\",\"target\":{\"@type\":\"EntryPoint\",\"urlTemplate\":\"https:\\\/\\\/www.bestcoinlaundry.com\\\/es\\\/?s={search_term_string}\"},\"query-input\":{\"@type\":\"PropertyValueSpecification\",\"valueRequired\":true,\"valueName\":\"search_term_string\"}}],\"inLanguage\":\"es\"},{\"@type\":\"Organization\",\"@id\":\"https:\\\/\\\/www.bestcoinlaundry.com\\\/es\\\/#organization\",\"name\":\"Laundromart of Four Corners\",\"url\":\"https:\\\/\\\/www.bestcoinlaundry.com\\\/es\\\/\",\"logo\":{\"@type\":\"ImageObject\",\"inLanguage\":\"es\",\"@id\":\"https:\\\/\\\/www.bestcoinlaundry.com\\\/es\\\/#\\\/schema\\\/logo\\\/image\\\/\",\"url\":\"https:\\\/\\\/www.bestcoinlaundry.com\\\/wp-content\\\/uploads\\\/2015\\\/02\\\/laundromartfourcorners.jpg\",\"contentUrl\":\"https:\\\/\\\/www.bestcoinlaundry.com\\\/wp-content\\\/uploads\\\/2015\\\/02\\\/laundromartfourcorners.jpg\",\"width\":2295,\"height\":1785,\"caption\":\"Laundromart of Four Corners\"},\"image\":{\"@id\":\"https:\\\/\\\/www.bestcoinlaundry.com\\\/es\\\/#\\\/schema\\\/logo\\\/image\\\/\"},\"sameAs\":[\"https:\\\/\\\/www.facebook.com\\\/bestcoinlaundry\\\/\",\"https:\\\/\\\/www.instagram.com\\\/laundromart_of_four_corners\\\/\"]}]}<\/script>\n<!-- \/ Yoast SEO plugin. -->","yoast_head_json":{"title":"Servicio de lavander\u00eda Clientes | Lavander\u00eda de Four Corners FL","description":"Nuestra lavander\u00eda Four Corners le ayuda con todas sus necesidades de lavander\u00eda con autoservicio de lavado de monedas y servicio de lavander\u00eda de lavado y plegado. Vis\u00edtanos hoy!","robots":{"index":"index","follow":"follow","max-snippet":"max-snippet:-1","max-image-preview":"max-image-preview:large","max-video-preview":"max-video-preview:-1"},"canonical":"https:\/\/www.bestcoinlaundry.com\/es\/servicio-de-lavanderia-clientes\/","og_locale":"es_ES","og_type":"article","og_title":"Servicio de lavander\u00eda Clientes | Lavander\u00eda de Four Corners FL","og_description":"Nuestra lavander\u00eda Four Corners le ayuda con todas sus necesidades de lavander\u00eda con autoservicio de lavado de monedas y servicio de lavander\u00eda de lavado y plegado. Vis\u00edtanos hoy!","og_url":"https:\/\/www.bestcoinlaundry.com\/es\/servicio-de-lavanderia-clientes\/","og_site_name":"Coin Laundry Laundromat &amp; Laundry Service | Clermont near Kissimmee FL","article_publisher":"https:\/\/www.facebook.com\/bestcoinlaundry\/","article_modified_time":"2021-07-13T06:02:11+00:00","og_image":[{"width":1000,"height":667,"url":"https:\/\/www.bestcoinlaundry.com\/wp-content\/uploads\/2020\/03\/save-time-doing-laundry-kissimmee-laundromat.jpg","type":"image\/jpeg"}],"twitter_card":"summary_large_image","twitter_misc":{"Tiempo de lectura":"4 minutos"},"schema":{"@context":"https:\/\/schema.org","@graph":[{"@type":"WebPage","@id":"https:\/\/www.bestcoinlaundry.com\/es\/servicio-de-lavanderia-clientes\/","url":"https:\/\/www.bestcoinlaundry.com\/es\/servicio-de-lavanderia-clientes\/","name":"Servicio de lavander\u00eda Clientes | Lavander\u00eda de Four Corners FL","isPartOf":{"@id":"https:\/\/www.bestcoinlaundry.com\/es\/#website"},"primaryImageOfPage":{"@id":"https:\/\/www.bestcoinlaundry.com\/es\/servicio-de-lavanderia-clientes\/#primaryimage"},"image":{"@id":"https:\/\/www.bestcoinlaundry.com\/es\/servicio-de-lavanderia-clientes\/#primaryimage"},"thumbnailUrl":"https:\/\/www.bestcoinlaundry.com\/wp-content\/uploads\/2020\/03\/save-time-doing-laundry-kissimmee-laundromat.jpg","datePublished":"2019-03-06T16:39:24+00:00","dateModified":"2021-07-13T06:02:11+00:00","description":"Nuestra lavander\u00eda Four Corners le ayuda con todas sus necesidades de lavander\u00eda con autoservicio de lavado de monedas y servicio de lavander\u00eda de lavado y plegado. Vis\u00edtanos hoy!","breadcrumb":{"@id":"https:\/\/www.bestcoinlaundry.com\/es\/servicio-de-lavanderia-clientes\/#breadcrumb"},"inLanguage":"es","potentialAction":[{"@type":"ReadAction","target":["https:\/\/www.bestcoinlaundry.com\/es\/servicio-de-lavanderia-clientes\/"]}]},{"@type":"ImageObject","inLanguage":"es","@id":"https:\/\/www.bestcoinlaundry.com\/es\/servicio-de-lavanderia-clientes\/#primaryimage","url":"https:\/\/www.bestcoinlaundry.com\/wp-content\/uploads\/2020\/03\/save-time-doing-laundry-kissimmee-laundromat.jpg","contentUrl":"https:\/\/www.bestcoinlaundry.com\/wp-content\/uploads\/2020\/03\/save-time-doing-laundry-kissimmee-laundromat.jpg","width":1000,"height":667,"caption":""},{"@type":"BreadcrumbList","@id":"https:\/\/www.bestcoinlaundry.com\/es\/servicio-de-lavanderia-clientes\/#breadcrumb","itemListElement":[{"@type":"ListItem","position":1,"name":"Home","item":"https:\/\/www.bestcoinlaundry.com\/es\/"},{"@type":"ListItem","position":2,"name":"Servicio de lavander\u00eda Clientes"}]},{"@type":"WebSite","@id":"https:\/\/www.bestcoinlaundry.com\/es\/#website","url":"https:\/\/www.bestcoinlaundry.com\/es\/","name":"Coin Laundry Laundromat &amp; Laundry Service | Clermont near Kissimmee FL","description":"","publisher":{"@id":"https:\/\/www.bestcoinlaundry.com\/es\/#organization"},"potentialAction":[{"@type":"SearchAction","target":{"@type":"EntryPoint","urlTemplate":"https:\/\/www.bestcoinlaundry.com\/es\/?s={search_term_string}"},"query-input":{"@type":"PropertyValueSpecification","valueRequired":true,"valueName":"search_term_string"}}],"inLanguage":"es"},{"@type":"Organization","@id":"https:\/\/www.bestcoinlaundry.com\/es\/#organization","name":"Laundromart of Four Corners","url":"https:\/\/www.bestcoinlaundry.com\/es\/","logo":{"@type":"ImageObject","inLanguage":"es","@id":"https:\/\/www.bestcoinlaundry.com\/es\/#\/schema\/logo\/image\/","url":"https:\/\/www.bestcoinlaundry.com\/wp-content\/uploads\/2015\/02\/laundromartfourcorners.jpg","contentUrl":"https:\/\/www.bestcoinlaundry.com\/wp-content\/uploads\/2015\/02\/laundromartfourcorners.jpg","width":2295,"height":1785,"caption":"Laundromart of Four Corners"},"image":{"@id":"https:\/\/www.bestcoinlaundry.com\/es\/#\/schema\/logo\/image\/"},"sameAs":["https:\/\/www.facebook.com\/bestcoinlaundry\/","https:\/\/www.instagram.com\/laundromart_of_four_corners\/"]}]}},"_links":{"self":[{"href":"https:\/\/www.bestcoinlaundry.com\/es\/wp-json\/wp\/v2\/pages\/1037","targetHints":{"allow":["GET"]}}],"collection":[{"href":"https:\/\/www.bestcoinlaundry.com\/es\/wp-json\/wp\/v2\/pages"}],"about":[{"href":"https:\/\/www.bestcoinlaundry.com\/es\/wp-json\/wp\/v2\/types\/page"}],"author":[{"embeddable":true,"href":"https:\/\/www.bestcoinlaundry.com\/es\/wp-json\/wp\/v2\/users\/4"}],"replies":[{"embeddable":true,"href":"https:\/\/www.bestcoinlaundry.com\/es\/wp-json\/wp\/v2\/comments?post=1037"}],"version-history":[{"count":3,"href":"https:\/\/www.bestcoinlaundry.com\/es\/wp-json\/wp\/v2\/pages\/1037\/revisions"}],"predecessor-version":[{"id":2410,"href":"https:\/\/www.bestcoinlaundry.com\/es\/wp-json\/wp\/v2\/pages\/1037\/revisions\/2410"}],"wp:featuredmedia":[{"embeddable":true,"href":"https:\/\/www.bestcoinlaundry.com\/es\/wp-json\/wp\/v2\/media\/1492"}],"wp:attachment":[{"href":"https:\/\/www.bestcoinlaundry.com\/es\/wp-json\/wp\/v2\/media?parent=1037"}],"curies":[{"name":"wp","href":"https:\/\/api.w.org\/{rel}","templated":true}]}}