{"id":1042,"date":"2012-09-10T13:58:13","date_gmt":"2012-09-10T13:58:13","guid":{"rendered":"https:\/\/www.bestcoinlaundry.com\/wash-fold-laundry-service\/"},"modified":"2021-07-09T11:04:59","modified_gmt":"2021-07-09T11:04:59","slug":"servicios-de-lavanderia","status":"publish","type":"page","link":"https:\/\/www.bestcoinlaundry.com\/es\/servicios-de-lavanderia\/","title":{"rendered":"Servicios de lavanderia"},"content":{"rendered":"\n<p>\u00bfBusca <em>servicios de lavander\u00eda<\/em> de calidad cerca de usted? Ya sea que est\u00e9 buscando el mejor servicio de lavander\u00eda para lavar y doblar para lavar y secar por usted o prefiere hacerlo usted mismo en nuestra lavander\u00eda, <a href=\"\/es\/servicio-de-lavanderia-de-autoservicio\/\"><strong>nuestra lavander\u00eda<\/strong><\/a> est\u00e1 bien equipada para satisfacer sus necesidades.<\/p>\n\n\n\n<p>Lavar la ropa puede ser una tarea diaria muy tediosa que debe hacerse. \u00a1Perm\u00edtanos ayudarlo aqu\u00ed!<\/p>\n\n\n\n<h2 class=\"wp-block-heading\">Servicios de lavander\u00eda con garant\u00eda de limpieza y secado<\/h2>\n\n\n\n<p>Ya sea que desee que le lavemos la ropa con nuestro Servicio de lavado y plegado o si prefiere un enfoque de autoservicio de lavander\u00eda, le ofrecemos garant\u00edas de limpieza y secado:<\/p>\n\n\n\n<p><strong>Garant\u00eda de limpieza<\/strong>: si siente que su ropa no est\u00e1 limpia despu\u00e9s de pasar por el ciclo de lavado, puede usar la lavadora para ejecutar otro ciclo de lavado nuevamente GRATIS<\/p>\n\n\n\n<p><strong>Garant\u00eda de secado<\/strong>: si su carga no se seca, puede continuar sec\u00e1ndola GRATIS, \u00a1sin necesidad de agregar m\u00e1s dinero a la secadora!\u202f\u202f<\/p>\n\n\n\n<h3 class=\"wp-block-heading\">Servicios de lavado y plegado de lavander\u00eda<\/h3>\n\n\n\n<p>Cuando utiliza nuestro conveniente servicio de lavander\u00eda de lavado y plegado (lavado-secado-plegado), disfrutar\u00e1 de:<\/p>\n\n\n\n<h4 class=\"wp-block-heading\">Entrega y recogida r\u00e1pida<\/h4>\n\n\n\n<p>\u00a1Hacemos que sea f\u00e1cil dejar la ropa y recogerla r\u00e1pidamente, todos los d\u00edas de la semana! Tarda alrededor de 2 minutos en dejar su ropa y 2 minutos en recogerla, lo que significa que en menos de 5 minutos \u00a1usted y su ropa limpia estar\u00e1n en camino!<\/p>\n\n\n\n<h4 class=\"wp-block-heading\">Servicio de lavander\u00eda por libra<\/h4>\n\n\n\n<p>Nuestro servicio de lavado y secado de pliegues es conveniente y f\u00e1cil y tiene un precio basado en el peso por libra (los edredones no est\u00e1n incluidos en los cargos de lavado por peso).<\/p>\n\n\n\n<h4 class=\"wp-block-heading\">Removedor de manchas<\/h4>\n\n\n\n<p>Nuestro servicio de lavado y doblado incluye la eliminaci\u00f3n de manchas (dado que la mancha a\u00fan no se ha secado). Podemos eliminar manchas de suciedad, tinta, vino, grasa, hierba y v\u00f3mito. NOTA: Se excluye la eliminaci\u00f3n de sangre o pelo de mascotas.<\/p>\n\n\n\n<h2 class=\"wp-block-heading\">\u00bfPor qu\u00e9 elegir nuestros servicios de lavander\u00eda?<\/h2>\n\n\n\n<ul class=\"wp-block-list\"><li><strong>Respetuoso con el medio ambiente y sin qu\u00edmicos<\/strong>: utilizamos detergentes ecol\u00f3gicos y sin qu\u00edmicos que son suaves con su ropa y ayudan a aumentar la longevidad de la tela y el color. Sin embargo, al mismo tiempo, son duros con las manchas, lo que garantiza que se eliminen<strong>.<\/strong><\/li><li><strong>M\u00e1quinas amigables con el medio ambiente<\/strong>: Nuestras m\u00e1quinas amigables con el medio ambiente son m\u00e1quinas nuevas, de alta tecnolog\u00eda y alta eficiencia que son m\u00e1s r\u00e1pidas, m\u00e1s suaves, usan menos detergente y enjuagan m\u00e1s agua de la ropa que las m\u00e1quinas t\u00edpicas. Esto significa que su ropa pasar\u00e1 menos tiempo en la secadora y ayudar\u00e1 a que sus art\u00edculos duren m\u00e1s.<\/li><li><strong>Servicio de lavander\u00eda el mismo d\u00eda<\/strong>: cuando es importante un cambio r\u00e1pido, nuestro servicio el mismo d\u00eda est\u00e1 disponible si deja su ropa en nuestra tienda antes de las 11 a.m.<\/li><li><strong>Abierto todos los d\u00edas<\/strong>: estamos abiertos TODOS LOS D\u00cdAS de 7 a.m. a 10 p.m. (\u00faltimo lavado a las 9:15 p.m.)<\/li><li><strong>Ambiente amigable, acogedor y confortable<\/strong>: saludamos a cada cliente con una sonrisa amigable y les mostramos un sincero y sincero agradecimiento. Nuestros asistentes de lavander\u00eda profesionales siempre est\u00e1n disponibles para responder consultas y ayudar con diferentes necesidades en la lavander\u00eda<\/li><li><strong>Amplia selecci\u00f3n de comodidades<\/strong>: mant\u00e9ngase ocupado mientras lavamos la ropa. Mire televisi\u00f3n, coma bocadillos, compre, visite el sal\u00f3n de manicura, lea un libro, juegue juegos recreativos e incluso lave su autom\u00f3vil mientras su ropa se lava y seca en nuestras instalaciones.<\/li><li><strong>Servicio confiable y de primer nivel<\/strong>: \u00a1nuestros profesionales de lavander\u00eda prestan una atenci\u00f3n meticulosa para asegurarse de que todas y cada una de las prendas que dejan nuestra ropa sean absolutamente impecables! <\/li><li><strong>Servicios de lavander\u00eda personalizados<\/strong>: puede hacernos saber sus preferencias de lavander\u00eda y le devolveremos sus art\u00edculos tal como los hab\u00eda solicitado.<\/li><li><strong>\u00a1Ahorre m\u00e1s dinero! <\/strong>Cuando usa nuestras tarjetas de lavado, obtiene un bono adicional del 10% por cada $ 10 o m\u00e1s comprados. Esta tarjeta es perfecta para quienes utilizan con frecuencia nuestros convenientes servicios de lavander\u00eda.<\/li><\/ul>\n\n\n\n<p><strong>\u00a1Ahorre tiempo, ahorre dinero y d\u00e9jenos todas sus preocupaciones de lavander\u00eda! \u00a1Puede contar con nosotros para brindarle las opciones de servicios de lavander\u00eda que necesita!<\/strong><\/p>\n\n\n\n<p><a href=\"\/es\/contactenos\/\">\u00a1Cont\u00e1ctenos para empezar hoy!<\/a><\/p>\n","protected":false},"excerpt":{"rendered":"<p>\u00bfBusca servicios de lavander\u00eda de calidad cerca de usted? Ya sea que est\u00e9 buscando el mejor servicio de lavander\u00eda para lavar y doblar para lavar y secar por usted o prefiere hacerlo usted mismo en nuestra lavander\u00eda, nuestra lavander\u00eda est\u00e1 bien equipada para satisfacer sus necesidades. Lavar la ropa puede ser una tarea diaria muy [&hellip;]<\/p>\n","protected":false},"author":3,"featured_media":2029,"parent":0,"menu_order":0,"comment_status":"closed","ping_status":"closed","template":"","meta":{"footnotes":""},"class_list":["post-1042","page","type-page","status-publish","has-post-thumbnail","hentry"],"yoast_head":"<!-- This site is optimized with the Yoast SEO plugin v27.5 - https:\/\/yoast.com\/product\/yoast-seo-wordpress\/ -->\n<title>Wash and Fold Laundry Service | Laundromart of Four Corners FL<\/title>\n<meta name=\"description\" content=\"Our Four Corners laundromat helps with all of your laundry needs with self-service coin laundry and wash and fold laundry service. Visit us today!\" \/>\n<meta name=\"robots\" content=\"index, follow, max-snippet:-1, max-image-preview:large, max-video-preview:-1\" \/>\n<link rel=\"canonical\" href=\"https:\/\/www.bestcoinlaundry.com\/es\/servicios-de-lavanderia\/\" \/>\n<meta property=\"og:locale\" content=\"es_ES\" \/>\n<meta property=\"og:type\" content=\"article\" \/>\n<meta property=\"og:title\" content=\"Wash and Fold Laundry Service | Laundromart of Four Corners FL\" \/>\n<meta property=\"og:description\" content=\"Our Four Corners laundromat helps with all of your laundry needs with self-service coin laundry and wash and fold laundry service. Visit us today!\" \/>\n<meta property=\"og:url\" content=\"https:\/\/www.bestcoinlaundry.com\/es\/servicios-de-lavanderia\/\" \/>\n<meta property=\"og:site_name\" content=\"Coin Laundry Laundromat &amp; Laundry Service | Clermont near Kissimmee FL\" \/>\n<meta property=\"article:publisher\" content=\"https:\/\/www.facebook.com\/bestcoinlaundry\/\" \/>\n<meta property=\"article:modified_time\" content=\"2021-07-09T11:04:59+00:00\" \/>\n<meta property=\"og:image\" content=\"https:\/\/www.bestcoinlaundry.com\/wp-content\/uploads\/2021\/06\/best-coin-machines-snacks.jpg\" \/>\n\t<meta property=\"og:image:width\" content=\"1500\" \/>\n\t<meta property=\"og:image:height\" content=\"1000\" \/>\n\t<meta property=\"og:image:type\" content=\"image\/jpeg\" \/>\n<meta name=\"twitter:card\" content=\"summary_large_image\" \/>\n<meta name=\"twitter:label1\" content=\"Tiempo de lectura\" \/>\n\t<meta name=\"twitter:data1\" content=\"3 minutos\" \/>\n<script type=\"application\/ld+json\" class=\"yoast-schema-graph\">{\"@context\":\"https:\\\/\\\/schema.org\",\"@graph\":[{\"@type\":\"WebPage\",\"@id\":\"https:\\\/\\\/www.bestcoinlaundry.com\\\/es\\\/servicios-de-lavanderia\\\/\",\"url\":\"https:\\\/\\\/www.bestcoinlaundry.com\\\/es\\\/servicios-de-lavanderia\\\/\",\"name\":\"Wash and Fold Laundry Service | Laundromart of Four Corners FL\",\"isPartOf\":{\"@id\":\"https:\\\/\\\/www.bestcoinlaundry.com\\\/es\\\/#website\"},\"primaryImageOfPage\":{\"@id\":\"https:\\\/\\\/www.bestcoinlaundry.com\\\/es\\\/servicios-de-lavanderia\\\/#primaryimage\"},\"image\":{\"@id\":\"https:\\\/\\\/www.bestcoinlaundry.com\\\/es\\\/servicios-de-lavanderia\\\/#primaryimage\"},\"thumbnailUrl\":\"https:\\\/\\\/www.bestcoinlaundry.com\\\/wp-content\\\/uploads\\\/2021\\\/06\\\/best-coin-machines-snacks.jpg\",\"datePublished\":\"2012-09-10T13:58:13+00:00\",\"dateModified\":\"2021-07-09T11:04:59+00:00\",\"description\":\"Our Four Corners laundromat helps with all of your laundry needs with self-service coin laundry and wash and fold laundry service. Visit us today!\",\"breadcrumb\":{\"@id\":\"https:\\\/\\\/www.bestcoinlaundry.com\\\/es\\\/servicios-de-lavanderia\\\/#breadcrumb\"},\"inLanguage\":\"es\",\"potentialAction\":[{\"@type\":\"ReadAction\",\"target\":[\"https:\\\/\\\/www.bestcoinlaundry.com\\\/es\\\/servicios-de-lavanderia\\\/\"]}]},{\"@type\":\"ImageObject\",\"inLanguage\":\"es\",\"@id\":\"https:\\\/\\\/www.bestcoinlaundry.com\\\/es\\\/servicios-de-lavanderia\\\/#primaryimage\",\"url\":\"https:\\\/\\\/www.bestcoinlaundry.com\\\/wp-content\\\/uploads\\\/2021\\\/06\\\/best-coin-machines-snacks.jpg\",\"contentUrl\":\"https:\\\/\\\/www.bestcoinlaundry.com\\\/wp-content\\\/uploads\\\/2021\\\/06\\\/best-coin-machines-snacks.jpg\",\"width\":1500,\"height\":1000},{\"@type\":\"BreadcrumbList\",\"@id\":\"https:\\\/\\\/www.bestcoinlaundry.com\\\/es\\\/servicios-de-lavanderia\\\/#breadcrumb\",\"itemListElement\":[{\"@type\":\"ListItem\",\"position\":1,\"name\":\"Home\",\"item\":\"https:\\\/\\\/www.bestcoinlaundry.com\\\/es\\\/\"},{\"@type\":\"ListItem\",\"position\":2,\"name\":\"Servicios de lavanderia\"}]},{\"@type\":\"WebSite\",\"@id\":\"https:\\\/\\\/www.bestcoinlaundry.com\\\/es\\\/#website\",\"url\":\"https:\\\/\\\/www.bestcoinlaundry.com\\\/es\\\/\",\"name\":\"Coin Laundry Laundromat &amp; Laundry Service | Clermont near Kissimmee FL\",\"description\":\"\",\"publisher\":{\"@id\":\"https:\\\/\\\/www.bestcoinlaundry.com\\\/es\\\/#organization\"},\"potentialAction\":[{\"@type\":\"SearchAction\",\"target\":{\"@type\":\"EntryPoint\",\"urlTemplate\":\"https:\\\/\\\/www.bestcoinlaundry.com\\\/es\\\/?s={search_term_string}\"},\"query-input\":{\"@type\":\"PropertyValueSpecification\",\"valueRequired\":true,\"valueName\":\"search_term_string\"}}],\"inLanguage\":\"es\"},{\"@type\":\"Organization\",\"@id\":\"https:\\\/\\\/www.bestcoinlaundry.com\\\/es\\\/#organization\",\"name\":\"Laundromart of Four Corners\",\"url\":\"https:\\\/\\\/www.bestcoinlaundry.com\\\/es\\\/\",\"logo\":{\"@type\":\"ImageObject\",\"inLanguage\":\"es\",\"@id\":\"https:\\\/\\\/www.bestcoinlaundry.com\\\/es\\\/#\\\/schema\\\/logo\\\/image\\\/\",\"url\":\"https:\\\/\\\/www.bestcoinlaundry.com\\\/wp-content\\\/uploads\\\/2015\\\/02\\\/laundromartfourcorners.jpg\",\"contentUrl\":\"https:\\\/\\\/www.bestcoinlaundry.com\\\/wp-content\\\/uploads\\\/2015\\\/02\\\/laundromartfourcorners.jpg\",\"width\":2295,\"height\":1785,\"caption\":\"Laundromart of Four Corners\"},\"image\":{\"@id\":\"https:\\\/\\\/www.bestcoinlaundry.com\\\/es\\\/#\\\/schema\\\/logo\\\/image\\\/\"},\"sameAs\":[\"https:\\\/\\\/www.facebook.com\\\/bestcoinlaundry\\\/\",\"https:\\\/\\\/www.instagram.com\\\/laundromart_of_four_corners\\\/\"]}]}<\/script>\n<!-- \/ Yoast SEO plugin. -->","yoast_head_json":{"title":"Wash and Fold Laundry Service | Laundromart of Four Corners FL","description":"Our Four Corners laundromat helps with all of your laundry needs with self-service coin laundry and wash and fold laundry service. Visit us today!","robots":{"index":"index","follow":"follow","max-snippet":"max-snippet:-1","max-image-preview":"max-image-preview:large","max-video-preview":"max-video-preview:-1"},"canonical":"https:\/\/www.bestcoinlaundry.com\/es\/servicios-de-lavanderia\/","og_locale":"es_ES","og_type":"article","og_title":"Wash and Fold Laundry Service | Laundromart of Four Corners FL","og_description":"Our Four Corners laundromat helps with all of your laundry needs with self-service coin laundry and wash and fold laundry service. Visit us today!","og_url":"https:\/\/www.bestcoinlaundry.com\/es\/servicios-de-lavanderia\/","og_site_name":"Coin Laundry Laundromat &amp; Laundry Service | Clermont near Kissimmee FL","article_publisher":"https:\/\/www.facebook.com\/bestcoinlaundry\/","article_modified_time":"2021-07-09T11:04:59+00:00","og_image":[{"width":1500,"height":1000,"url":"https:\/\/www.bestcoinlaundry.com\/wp-content\/uploads\/2021\/06\/best-coin-machines-snacks.jpg","type":"image\/jpeg"}],"twitter_card":"summary_large_image","twitter_misc":{"Tiempo de lectura":"3 minutos"},"schema":{"@context":"https:\/\/schema.org","@graph":[{"@type":"WebPage","@id":"https:\/\/www.bestcoinlaundry.com\/es\/servicios-de-lavanderia\/","url":"https:\/\/www.bestcoinlaundry.com\/es\/servicios-de-lavanderia\/","name":"Wash and Fold Laundry Service | Laundromart of Four Corners FL","isPartOf":{"@id":"https:\/\/www.bestcoinlaundry.com\/es\/#website"},"primaryImageOfPage":{"@id":"https:\/\/www.bestcoinlaundry.com\/es\/servicios-de-lavanderia\/#primaryimage"},"image":{"@id":"https:\/\/www.bestcoinlaundry.com\/es\/servicios-de-lavanderia\/#primaryimage"},"thumbnailUrl":"https:\/\/www.bestcoinlaundry.com\/wp-content\/uploads\/2021\/06\/best-coin-machines-snacks.jpg","datePublished":"2012-09-10T13:58:13+00:00","dateModified":"2021-07-09T11:04:59+00:00","description":"Our Four Corners laundromat helps with all of your laundry needs with self-service coin laundry and wash and fold laundry service. Visit us today!","breadcrumb":{"@id":"https:\/\/www.bestcoinlaundry.com\/es\/servicios-de-lavanderia\/#breadcrumb"},"inLanguage":"es","potentialAction":[{"@type":"ReadAction","target":["https:\/\/www.bestcoinlaundry.com\/es\/servicios-de-lavanderia\/"]}]},{"@type":"ImageObject","inLanguage":"es","@id":"https:\/\/www.bestcoinlaundry.com\/es\/servicios-de-lavanderia\/#primaryimage","url":"https:\/\/www.bestcoinlaundry.com\/wp-content\/uploads\/2021\/06\/best-coin-machines-snacks.jpg","contentUrl":"https:\/\/www.bestcoinlaundry.com\/wp-content\/uploads\/2021\/06\/best-coin-machines-snacks.jpg","width":1500,"height":1000},{"@type":"BreadcrumbList","@id":"https:\/\/www.bestcoinlaundry.com\/es\/servicios-de-lavanderia\/#breadcrumb","itemListElement":[{"@type":"ListItem","position":1,"name":"Home","item":"https:\/\/www.bestcoinlaundry.com\/es\/"},{"@type":"ListItem","position":2,"name":"Servicios de lavanderia"}]},{"@type":"WebSite","@id":"https:\/\/www.bestcoinlaundry.com\/es\/#website","url":"https:\/\/www.bestcoinlaundry.com\/es\/","name":"Coin Laundry Laundromat &amp; Laundry Service | Clermont near Kissimmee FL","description":"","publisher":{"@id":"https:\/\/www.bestcoinlaundry.com\/es\/#organization"},"potentialAction":[{"@type":"SearchAction","target":{"@type":"EntryPoint","urlTemplate":"https:\/\/www.bestcoinlaundry.com\/es\/?s={search_term_string}"},"query-input":{"@type":"PropertyValueSpecification","valueRequired":true,"valueName":"search_term_string"}}],"inLanguage":"es"},{"@type":"Organization","@id":"https:\/\/www.bestcoinlaundry.com\/es\/#organization","name":"Laundromart of Four Corners","url":"https:\/\/www.bestcoinlaundry.com\/es\/","logo":{"@type":"ImageObject","inLanguage":"es","@id":"https:\/\/www.bestcoinlaundry.com\/es\/#\/schema\/logo\/image\/","url":"https:\/\/www.bestcoinlaundry.com\/wp-content\/uploads\/2015\/02\/laundromartfourcorners.jpg","contentUrl":"https:\/\/www.bestcoinlaundry.com\/wp-content\/uploads\/2015\/02\/laundromartfourcorners.jpg","width":2295,"height":1785,"caption":"Laundromart of Four Corners"},"image":{"@id":"https:\/\/www.bestcoinlaundry.com\/es\/#\/schema\/logo\/image\/"},"sameAs":["https:\/\/www.facebook.com\/bestcoinlaundry\/","https:\/\/www.instagram.com\/laundromart_of_four_corners\/"]}]}},"_links":{"self":[{"href":"https:\/\/www.bestcoinlaundry.com\/es\/wp-json\/wp\/v2\/pages\/1042","targetHints":{"allow":["GET"]}}],"collection":[{"href":"https:\/\/www.bestcoinlaundry.com\/es\/wp-json\/wp\/v2\/pages"}],"about":[{"href":"https:\/\/www.bestcoinlaundry.com\/es\/wp-json\/wp\/v2\/types\/page"}],"author":[{"embeddable":true,"href":"https:\/\/www.bestcoinlaundry.com\/es\/wp-json\/wp\/v2\/users\/3"}],"replies":[{"embeddable":true,"href":"https:\/\/www.bestcoinlaundry.com\/es\/wp-json\/wp\/v2\/comments?post=1042"}],"version-history":[{"count":3,"href":"https:\/\/www.bestcoinlaundry.com\/es\/wp-json\/wp\/v2\/pages\/1042\/revisions"}],"predecessor-version":[{"id":2310,"href":"https:\/\/www.bestcoinlaundry.com\/es\/wp-json\/wp\/v2\/pages\/1042\/revisions\/2310"}],"wp:featuredmedia":[{"embeddable":true,"href":"https:\/\/www.bestcoinlaundry.com\/es\/wp-json\/wp\/v2\/media\/2029"}],"wp:attachment":[{"href":"https:\/\/www.bestcoinlaundry.com\/es\/wp-json\/wp\/v2\/media?parent=1042"}],"curies":[{"name":"wp","href":"https:\/\/api.w.org\/{rel}","templated":true}]}}