{"id":1060,"date":"2019-08-12T03:54:53","date_gmt":"2019-08-12T03:54:53","guid":{"rendered":"https:\/\/www.bestcoinlaundry.com\/sports-laundry-service\/"},"modified":"2021-07-12T19:06:34","modified_gmt":"2021-07-12T19:06:34","slug":"servicio-de-lavanderia-deportiva","status":"publish","type":"page","link":"https:\/\/www.bestcoinlaundry.com\/es\/servicio-de-lavanderia-deportiva\/","title":{"rendered":"Servicio de lavander\u00eda deportiva"},"content":{"rendered":"\n<p>Si eres un atleta o entrenador, los servicios confiables de lavander\u00eda deportiva son parte de un plan de juego ganador. Concentrarse en su rendimiento y estar \u00ablisto para el juego\u00bb es una prioridad. No debe preocuparse por tomarse el tiempo para limpiar la ropa deportiva o los uniformes del equipo cuando puede acceder a los servicios de lavander\u00eda deportiva de Laundromart of Four Corners.<\/p>\n\n\n\n<p>Como entrenador, desea que su equipo deportivo se vea y rinda al m\u00e1ximo, \u00a1con uniformes limpios! Y con los uniformes deportivos que se ponen sudor, suciedad, bacterias, g\u00e9rmenes y manchas, cuidar la ropa deportiva puede ser un desaf\u00edo. Necesita un servicio de lavander\u00eda dif\u00edcil para deshacerse de estos. La ropa deportiva necesita un lavado m\u00e1s intenso que la ropa normal para estar limpia y oler mejor.<\/p>\n\n\n\n<figure class=\"wp-block-image is-resized\"><img loading=\"lazy\" decoding=\"async\" src=\"https:\/\/www.bestcoinlaundry.com\/wp-content\/uploads\/2019\/08\/sports-laundry-service-1024x683.jpg\" alt=\"sports laundry service gets team uniforms clean\" class=\"wp-image-800\" width=\"768\" height=\"512\" srcset=\"https:\/\/www.bestcoinlaundry.com\/wp-content\/uploads\/2019\/08\/sports-laundry-service-1024x683.jpg 1024w, https:\/\/www.bestcoinlaundry.com\/wp-content\/uploads\/2019\/08\/sports-laundry-service-300x200.jpg 300w, https:\/\/www.bestcoinlaundry.com\/wp-content\/uploads\/2019\/08\/sports-laundry-service-768x512.jpg 768w, https:\/\/www.bestcoinlaundry.com\/wp-content\/uploads\/2019\/08\/sports-laundry-service-1536x1024.jpg 1536w, https:\/\/www.bestcoinlaundry.com\/wp-content\/uploads\/2019\/08\/sports-laundry-service.jpg 1999w\" sizes=\"(max-width: 768px) 100vw, 768px\" \/><\/figure>\n\n\n\n<h2 class=\"wp-block-heading\">Servicio de lavander\u00eda deportiva para deportistas y equipos deportivos<\/h2>\n\n\n\n<p>En nuestra lavander\u00eda de primer nivel, estamos perfectamente preparados para abordar todos sus problemas de lavander\u00eda deportiva. Somos un proveedor de servicios de lavander\u00eda deportiva con mucha experiencia, equipado con las habilidades y la responsabilidad adecuadas para que su ropa deportiva est\u00e9 limpia y se vea lo mejor posible. \u00a1Cont\u00e1ctenos para ver c\u00f3mo podemos ayudarlo con nuestros servicios especializados de lavander\u00eda deportiva!<\/p>\n\n\n\n<ul class=\"wp-block-list\"><li><strong>Ubicaci\u00f3n conveniente:<\/strong> estamos muy cerca de los principales sitios de competiciones deportivas, especialmente cerca del Disney&#8217;s Wide World of Sports. Simplemente ll\u00e1menos y le informaremos la mejor manera de utilizar los servicios de lavander\u00eda de nuestro equipo deportivo para garantizar que sus uniformes est\u00e9n limpios y listos para su pr\u00f3ximo partido, juego o ronda de competencia. \u00a1Hacemos que dejar su ropa en nuestra lavander\u00eda sea r\u00e1pido y f\u00e1cil!<\/li><\/ul>\n\n\n\n<ul class=\"wp-block-list\"><li><strong>Desinfecci\u00f3n de m\u00e1quinas y detergente:<\/strong> los g\u00e9rmenes que ingresan a la ropa debido al sudor deben eliminarse de la ropa de su equipo. Los uniformes deben lavarse adecuadamente con detergentes que sean lo suficientemente fuertes como para salvar a los atletas de infecciones, virus, superbacterias y bacterias, y otras enfermedades cr\u00edticas de la piel, hepatitis y problemas de inhalaci\u00f3n. \u00a1<a href=\"https:\/\/www.bestcoinlaundry.com\/es\/lavanderia-con-monedas-cerca-de-kissimmee\/\">Nuestras lavadoras y secadoras de alta tecnolog\u00eda y alto rendimiento<\/a>, y los detergentes especiales aseguran que se eliminen todos los g\u00e9rmenes de la ropa y los atletas est\u00e9n seguros y saludables con sus uniformes limpios!<\/li><\/ul>\n\n\n\n<ul class=\"wp-block-list\"><li><strong>Tiempo de respuesta r\u00e1pido: <\/strong>valoramos la importancia de su tiempo y sabemos que su equipo juega o juega casi todos los d\u00edas. Dado esto, estar\u00e1s muy ocupado prepar\u00e1ndolos para el pr\u00f3ximo partido o juego sin mucho tiempo para limpiar sus uniformes adecuadamente, d\u00eda tras d\u00eda. \u00a1Necesitas un servicio de lavander\u00eda para ayudarte! \u00a1Nos enorgullecemos de entregar ropa absolutamente limpia el mismo d\u00eda si puede dejarla antes de las 11 am!<\/li><\/ul>\n\n\n\n<ul class=\"wp-block-list\"><li><strong>Instalaciones limpias: <\/strong>nos tomamos muy en serio el mantenimiento de la limpieza e higiene en nuestras instalaciones. Nos aseguramos de que nuestra tienda se limpie dos veces al d\u00eda, una vez por la ma\u00f1ana y otra por la noche. Esto hace que nuestras instalaciones sean una de las lavander\u00edas m\u00e1s limpias de la zona<strong>.<\/strong><\/li><\/ul>\n\n\n\n<ul class=\"wp-block-list\"><li><strong>Asistencia profesional: <\/strong>siempre tiene ayuda disponible desde el momento en que ingresa a nuestra tienda. Nuestros profesionales de lavander\u00eda est\u00e1n disponibles para ayudarlo con cualquier problema, responder cualquier consulta que pueda tener sobre la lavander\u00eda en nuestra tienda.<\/li><\/ul>\n\n\n\n<ul class=\"wp-block-list\"><li><strong>Facilidad de pago: <\/strong>aceptamos Visa \/ Mastercard, tarjetas de d\u00e9bito, monedas, tarjetas EBT y tarjetas de lavado de lavander\u00eda de Four Corners. Adem\u00e1s, cuando usa nuestra Tarjeta Wash, obtiene un bono del 10% por cada $ 10 o m\u00e1s comprados (la tarjeta se puede cargar en incrementos de $ 10). Por ejemplo, por una carga de $ 10, obtienes $ 11 en la Tarjeta de lavado.<\/li><\/ul>\n\n\n\n<ul class=\"wp-block-list\"><li><strong>Abierto todos los d\u00edas: <\/strong>nuestras instalaciones est\u00e1n abiertas todos los d\u00edas de 7 am a 10 pm (\u00faltimo lavado de 9:15 pm). \u00a1As\u00ed que siempre estamos disponibles para ayudarlo!<\/li><\/ul>\n\n\n\n<p class=\"has-text-align-left\"><strong>Perm\u00edtanos ayudarlo a ahorrar tiempo y centrarse en lo que hace mejor: \u00a1GANAR! Cuando necesite un proveedor de servicios de lavander\u00eda deportiva, ll\u00e1menos hoy al (352) 242-2900.<\/strong><\/p>\n","protected":false},"excerpt":{"rendered":"<p>Si eres un atleta o entrenador, los servicios confiables de lavander\u00eda deportiva son parte de un plan de juego ganador. Concentrarse en su rendimiento y estar \u00ablisto para el juego\u00bb es una prioridad. No debe preocuparse por tomarse el tiempo para limpiar la ropa deportiva o los uniformes del equipo cuando puede acceder a los [&hellip;]<\/p>\n","protected":false},"author":1,"featured_media":2460,"parent":0,"menu_order":0,"comment_status":"closed","ping_status":"closed","template":"","meta":{"footnotes":""},"class_list":["post-1060","page","type-page","status-publish","has-post-thumbnail","hentry"],"yoast_head":"<!-- This site is optimized with the Yoast SEO plugin v27.6 - https:\/\/yoast.com\/product\/yoast-seo-wordpress\/ -->\n<title>Servicio de lavander\u00eda deportiva | Lavander\u00eda de cuatro esquinas cerca de Kissimmee FL<\/title>\n<meta name=\"description\" content=\"\u00a1Perm\u00edtanos ayudarlo a ahorrar tiempo y dinero limpiando ropa deportiva y uniformes de equipos deportivos cuando usa los servicios de lavander\u00eda deportiva en Laundromart of Four Corners!\" \/>\n<meta name=\"robots\" content=\"index, follow, max-snippet:-1, max-image-preview:large, max-video-preview:-1\" \/>\n<link rel=\"canonical\" href=\"https:\/\/www.bestcoinlaundry.com\/es\/servicio-de-lavanderia-deportiva\/\" \/>\n<meta property=\"og:locale\" content=\"es_ES\" \/>\n<meta property=\"og:type\" content=\"article\" \/>\n<meta property=\"og:title\" content=\"Servicio de lavander\u00eda deportiva | Lavander\u00eda de cuatro esquinas cerca de Kissimmee FL\" \/>\n<meta property=\"og:description\" content=\"\u00a1Perm\u00edtanos ayudarlo a ahorrar tiempo y dinero limpiando ropa deportiva y uniformes de equipos deportivos cuando usa los servicios de lavander\u00eda deportiva en Laundromart of Four Corners!\" \/>\n<meta property=\"og:url\" content=\"https:\/\/www.bestcoinlaundry.com\/es\/servicio-de-lavanderia-deportiva\/\" \/>\n<meta property=\"og:site_name\" content=\"Coin Laundry Laundromat &amp; Laundry Service | Clermont near Kissimmee FL\" \/>\n<meta property=\"article:publisher\" content=\"https:\/\/www.facebook.com\/bestcoinlaundry\/\" \/>\n<meta property=\"article:modified_time\" content=\"2021-07-12T19:06:34+00:00\" \/>\n<meta property=\"og:image\" content=\"https:\/\/www.bestcoinlaundry.com\/wp-content\/uploads\/2021\/09\/sports-laundry-best-coin.png\" \/>\n\t<meta property=\"og:image:width\" content=\"2000\" \/>\n\t<meta property=\"og:image:height\" content=\"872\" \/>\n\t<meta property=\"og:image:type\" content=\"image\/png\" \/>\n<meta name=\"twitter:card\" content=\"summary_large_image\" \/>\n<meta name=\"twitter:label1\" content=\"Tiempo de lectura\" \/>\n\t<meta name=\"twitter:data1\" content=\"4 minutos\" \/>\n<script type=\"application\/ld+json\" class=\"yoast-schema-graph\">{\"@context\":\"https:\\\/\\\/schema.org\",\"@graph\":[{\"@type\":\"WebPage\",\"@id\":\"https:\\\/\\\/www.bestcoinlaundry.com\\\/es\\\/servicio-de-lavanderia-deportiva\\\/\",\"url\":\"https:\\\/\\\/www.bestcoinlaundry.com\\\/es\\\/servicio-de-lavanderia-deportiva\\\/\",\"name\":\"Servicio de lavander\u00eda deportiva | Lavander\u00eda de cuatro esquinas cerca de Kissimmee FL\",\"isPartOf\":{\"@id\":\"https:\\\/\\\/www.bestcoinlaundry.com\\\/es\\\/#website\"},\"primaryImageOfPage\":{\"@id\":\"https:\\\/\\\/www.bestcoinlaundry.com\\\/es\\\/servicio-de-lavanderia-deportiva\\\/#primaryimage\"},\"image\":{\"@id\":\"https:\\\/\\\/www.bestcoinlaundry.com\\\/es\\\/servicio-de-lavanderia-deportiva\\\/#primaryimage\"},\"thumbnailUrl\":\"https:\\\/\\\/www.bestcoinlaundry.com\\\/wp-content\\\/uploads\\\/2021\\\/09\\\/sports-laundry-best-coin.png\",\"datePublished\":\"2019-08-12T03:54:53+00:00\",\"dateModified\":\"2021-07-12T19:06:34+00:00\",\"description\":\"\u00a1Perm\u00edtanos ayudarlo a ahorrar tiempo y dinero limpiando ropa deportiva y uniformes de equipos deportivos cuando usa los servicios de lavander\u00eda deportiva en Laundromart of Four Corners!\",\"breadcrumb\":{\"@id\":\"https:\\\/\\\/www.bestcoinlaundry.com\\\/es\\\/servicio-de-lavanderia-deportiva\\\/#breadcrumb\"},\"inLanguage\":\"es\",\"potentialAction\":[{\"@type\":\"ReadAction\",\"target\":[\"https:\\\/\\\/www.bestcoinlaundry.com\\\/es\\\/servicio-de-lavanderia-deportiva\\\/\"]}]},{\"@type\":\"ImageObject\",\"inLanguage\":\"es\",\"@id\":\"https:\\\/\\\/www.bestcoinlaundry.com\\\/es\\\/servicio-de-lavanderia-deportiva\\\/#primaryimage\",\"url\":\"https:\\\/\\\/www.bestcoinlaundry.com\\\/wp-content\\\/uploads\\\/2021\\\/09\\\/sports-laundry-best-coin.png\",\"contentUrl\":\"https:\\\/\\\/www.bestcoinlaundry.com\\\/wp-content\\\/uploads\\\/2021\\\/09\\\/sports-laundry-best-coin.png\",\"width\":2000,\"height\":872},{\"@type\":\"BreadcrumbList\",\"@id\":\"https:\\\/\\\/www.bestcoinlaundry.com\\\/es\\\/servicio-de-lavanderia-deportiva\\\/#breadcrumb\",\"itemListElement\":[{\"@type\":\"ListItem\",\"position\":1,\"name\":\"Home\",\"item\":\"https:\\\/\\\/www.bestcoinlaundry.com\\\/es\\\/\"},{\"@type\":\"ListItem\",\"position\":2,\"name\":\"Servicio de lavander\u00eda deportiva\"}]},{\"@type\":\"WebSite\",\"@id\":\"https:\\\/\\\/www.bestcoinlaundry.com\\\/es\\\/#website\",\"url\":\"https:\\\/\\\/www.bestcoinlaundry.com\\\/es\\\/\",\"name\":\"Coin Laundry Laundromat &amp; Laundry Service | Clermont near Kissimmee FL\",\"description\":\"\",\"publisher\":{\"@id\":\"https:\\\/\\\/www.bestcoinlaundry.com\\\/es\\\/#organization\"},\"potentialAction\":[{\"@type\":\"SearchAction\",\"target\":{\"@type\":\"EntryPoint\",\"urlTemplate\":\"https:\\\/\\\/www.bestcoinlaundry.com\\\/es\\\/?s={search_term_string}\"},\"query-input\":{\"@type\":\"PropertyValueSpecification\",\"valueRequired\":true,\"valueName\":\"search_term_string\"}}],\"inLanguage\":\"es\"},{\"@type\":\"Organization\",\"@id\":\"https:\\\/\\\/www.bestcoinlaundry.com\\\/es\\\/#organization\",\"name\":\"Laundromart of Four Corners\",\"url\":\"https:\\\/\\\/www.bestcoinlaundry.com\\\/es\\\/\",\"logo\":{\"@type\":\"ImageObject\",\"inLanguage\":\"es\",\"@id\":\"https:\\\/\\\/www.bestcoinlaundry.com\\\/es\\\/#\\\/schema\\\/logo\\\/image\\\/\",\"url\":\"https:\\\/\\\/www.bestcoinlaundry.com\\\/wp-content\\\/uploads\\\/2015\\\/02\\\/laundromartfourcorners.jpg\",\"contentUrl\":\"https:\\\/\\\/www.bestcoinlaundry.com\\\/wp-content\\\/uploads\\\/2015\\\/02\\\/laundromartfourcorners.jpg\",\"width\":2295,\"height\":1785,\"caption\":\"Laundromart of Four Corners\"},\"image\":{\"@id\":\"https:\\\/\\\/www.bestcoinlaundry.com\\\/es\\\/#\\\/schema\\\/logo\\\/image\\\/\"},\"sameAs\":[\"https:\\\/\\\/www.facebook.com\\\/bestcoinlaundry\\\/\",\"https:\\\/\\\/www.instagram.com\\\/laundromart_of_four_corners\\\/\"]}]}<\/script>\n<!-- \/ Yoast SEO plugin. -->","yoast_head_json":{"title":"Servicio de lavander\u00eda deportiva | Lavander\u00eda de cuatro esquinas cerca de Kissimmee FL","description":"\u00a1Perm\u00edtanos ayudarlo a ahorrar tiempo y dinero limpiando ropa deportiva y uniformes de equipos deportivos cuando usa los servicios de lavander\u00eda deportiva en Laundromart of Four Corners!","robots":{"index":"index","follow":"follow","max-snippet":"max-snippet:-1","max-image-preview":"max-image-preview:large","max-video-preview":"max-video-preview:-1"},"canonical":"https:\/\/www.bestcoinlaundry.com\/es\/servicio-de-lavanderia-deportiva\/","og_locale":"es_ES","og_type":"article","og_title":"Servicio de lavander\u00eda deportiva | Lavander\u00eda de cuatro esquinas cerca de Kissimmee FL","og_description":"\u00a1Perm\u00edtanos ayudarlo a ahorrar tiempo y dinero limpiando ropa deportiva y uniformes de equipos deportivos cuando usa los servicios de lavander\u00eda deportiva en Laundromart of Four Corners!","og_url":"https:\/\/www.bestcoinlaundry.com\/es\/servicio-de-lavanderia-deportiva\/","og_site_name":"Coin Laundry Laundromat &amp; Laundry Service | Clermont near Kissimmee FL","article_publisher":"https:\/\/www.facebook.com\/bestcoinlaundry\/","article_modified_time":"2021-07-12T19:06:34+00:00","og_image":[{"width":2000,"height":872,"url":"https:\/\/www.bestcoinlaundry.com\/wp-content\/uploads\/2021\/09\/sports-laundry-best-coin.png","type":"image\/png"}],"twitter_card":"summary_large_image","twitter_misc":{"Tiempo de lectura":"4 minutos"},"schema":{"@context":"https:\/\/schema.org","@graph":[{"@type":"WebPage","@id":"https:\/\/www.bestcoinlaundry.com\/es\/servicio-de-lavanderia-deportiva\/","url":"https:\/\/www.bestcoinlaundry.com\/es\/servicio-de-lavanderia-deportiva\/","name":"Servicio de lavander\u00eda deportiva | Lavander\u00eda de cuatro esquinas cerca de Kissimmee FL","isPartOf":{"@id":"https:\/\/www.bestcoinlaundry.com\/es\/#website"},"primaryImageOfPage":{"@id":"https:\/\/www.bestcoinlaundry.com\/es\/servicio-de-lavanderia-deportiva\/#primaryimage"},"image":{"@id":"https:\/\/www.bestcoinlaundry.com\/es\/servicio-de-lavanderia-deportiva\/#primaryimage"},"thumbnailUrl":"https:\/\/www.bestcoinlaundry.com\/wp-content\/uploads\/2021\/09\/sports-laundry-best-coin.png","datePublished":"2019-08-12T03:54:53+00:00","dateModified":"2021-07-12T19:06:34+00:00","description":"\u00a1Perm\u00edtanos ayudarlo a ahorrar tiempo y dinero limpiando ropa deportiva y uniformes de equipos deportivos cuando usa los servicios de lavander\u00eda deportiva en Laundromart of Four Corners!","breadcrumb":{"@id":"https:\/\/www.bestcoinlaundry.com\/es\/servicio-de-lavanderia-deportiva\/#breadcrumb"},"inLanguage":"es","potentialAction":[{"@type":"ReadAction","target":["https:\/\/www.bestcoinlaundry.com\/es\/servicio-de-lavanderia-deportiva\/"]}]},{"@type":"ImageObject","inLanguage":"es","@id":"https:\/\/www.bestcoinlaundry.com\/es\/servicio-de-lavanderia-deportiva\/#primaryimage","url":"https:\/\/www.bestcoinlaundry.com\/wp-content\/uploads\/2021\/09\/sports-laundry-best-coin.png","contentUrl":"https:\/\/www.bestcoinlaundry.com\/wp-content\/uploads\/2021\/09\/sports-laundry-best-coin.png","width":2000,"height":872},{"@type":"BreadcrumbList","@id":"https:\/\/www.bestcoinlaundry.com\/es\/servicio-de-lavanderia-deportiva\/#breadcrumb","itemListElement":[{"@type":"ListItem","position":1,"name":"Home","item":"https:\/\/www.bestcoinlaundry.com\/es\/"},{"@type":"ListItem","position":2,"name":"Servicio de lavander\u00eda deportiva"}]},{"@type":"WebSite","@id":"https:\/\/www.bestcoinlaundry.com\/es\/#website","url":"https:\/\/www.bestcoinlaundry.com\/es\/","name":"Coin Laundry Laundromat &amp; Laundry Service | Clermont near Kissimmee FL","description":"","publisher":{"@id":"https:\/\/www.bestcoinlaundry.com\/es\/#organization"},"potentialAction":[{"@type":"SearchAction","target":{"@type":"EntryPoint","urlTemplate":"https:\/\/www.bestcoinlaundry.com\/es\/?s={search_term_string}"},"query-input":{"@type":"PropertyValueSpecification","valueRequired":true,"valueName":"search_term_string"}}],"inLanguage":"es"},{"@type":"Organization","@id":"https:\/\/www.bestcoinlaundry.com\/es\/#organization","name":"Laundromart of Four Corners","url":"https:\/\/www.bestcoinlaundry.com\/es\/","logo":{"@type":"ImageObject","inLanguage":"es","@id":"https:\/\/www.bestcoinlaundry.com\/es\/#\/schema\/logo\/image\/","url":"https:\/\/www.bestcoinlaundry.com\/wp-content\/uploads\/2015\/02\/laundromartfourcorners.jpg","contentUrl":"https:\/\/www.bestcoinlaundry.com\/wp-content\/uploads\/2015\/02\/laundromartfourcorners.jpg","width":2295,"height":1785,"caption":"Laundromart of Four Corners"},"image":{"@id":"https:\/\/www.bestcoinlaundry.com\/es\/#\/schema\/logo\/image\/"},"sameAs":["https:\/\/www.facebook.com\/bestcoinlaundry\/","https:\/\/www.instagram.com\/laundromart_of_four_corners\/"]}]}},"_links":{"self":[{"href":"https:\/\/www.bestcoinlaundry.com\/es\/wp-json\/wp\/v2\/pages\/1060","targetHints":{"allow":["GET"]}}],"collection":[{"href":"https:\/\/www.bestcoinlaundry.com\/es\/wp-json\/wp\/v2\/pages"}],"about":[{"href":"https:\/\/www.bestcoinlaundry.com\/es\/wp-json\/wp\/v2\/types\/page"}],"author":[{"embeddable":true,"href":"https:\/\/www.bestcoinlaundry.com\/es\/wp-json\/wp\/v2\/users\/1"}],"replies":[{"embeddable":true,"href":"https:\/\/www.bestcoinlaundry.com\/es\/wp-json\/wp\/v2\/comments?post=1060"}],"version-history":[{"count":2,"href":"https:\/\/www.bestcoinlaundry.com\/es\/wp-json\/wp\/v2\/pages\/1060\/revisions"}],"predecessor-version":[{"id":2342,"href":"https:\/\/www.bestcoinlaundry.com\/es\/wp-json\/wp\/v2\/pages\/1060\/revisions\/2342"}],"wp:featuredmedia":[{"embeddable":true,"href":"https:\/\/www.bestcoinlaundry.com\/es\/wp-json\/wp\/v2\/media\/2460"}],"wp:attachment":[{"href":"https:\/\/www.bestcoinlaundry.com\/es\/wp-json\/wp\/v2\/media?parent=1060"}],"curies":[{"name":"wp","href":"https:\/\/api.w.org\/{rel}","templated":true}]}}