{"id":1067,"date":"2014-01-17T16:22:00","date_gmt":"2014-01-17T16:22:00","guid":{"rendered":"https:\/\/www.bestcoinlaundry.com\/self-service-laundromat\/laundromart-of-four-corners\/"},"modified":"2021-07-06T16:51:35","modified_gmt":"2021-07-06T16:51:35","slug":"lavanderia-de-cuatro-esquinas","status":"publish","type":"page","link":"https:\/\/www.bestcoinlaundry.com\/es\/servicio-de-lavanderia-de-autoservicio\/lavanderia-de-cuatro-esquinas\/","title":{"rendered":"Lavander\u00eda de cuatro esquinas"},"content":{"rendered":"\n<h3 class=\"wp-block-heading\">Mejor Laundromart Four Corners, 17445 US Hwy 192, Clermont, FL 34174 (Suite 1) \u00a1Instalaciones y servicios!<\/h3>\n\n\n\n<div class=\"wp-block-image\"><figure class=\"alignright\"><img loading=\"lazy\" decoding=\"async\" width=\"300\" height=\"233\" src=\"https:\/\/www.bestcoinlaundry.com\/wp-content\/uploads\/2015\/02\/laundromartfourcorners-300x233.jpg\" alt=\"laundromartfourcorners\" class=\"wp-image-439\" srcset=\"https:\/\/www.bestcoinlaundry.com\/wp-content\/uploads\/2015\/02\/laundromartfourcorners-300x233.jpg 300w, https:\/\/www.bestcoinlaundry.com\/wp-content\/uploads\/2015\/02\/laundromartfourcorners-1024x796.jpg 1024w, https:\/\/www.bestcoinlaundry.com\/wp-content\/uploads\/2015\/02\/laundromartfourcorners-768x597.jpg 768w, https:\/\/www.bestcoinlaundry.com\/wp-content\/uploads\/2015\/02\/laundromartfourcorners-1536x1195.jpg 1536w, https:\/\/www.bestcoinlaundry.com\/wp-content\/uploads\/2015\/02\/laundromartfourcorners-2048x1593.jpg 2048w\" sizes=\"(max-width: 300px) 100vw, 300px\" \/><\/figure><\/div>\n\n\n\n<p>Laundromart Four Corners, 17445 US Hwy 192, Clermont, FL 34174, se encuentra en el centro comercial Publix. No es tu t\u00edpica lavander\u00eda.<\/p>\n\n\n\n<p>Ofrecemos un servicio de lavado-secado-plegado que generalmente se completa dentro de las 24 horas posteriores a la entrega. Para aquellos que prefieren el enfoque de bricolaje, tenemos m\u00e1quinas industriales de 80 libras de capacidad junto con lavadoras y secadoras de tama\u00f1o est\u00e1ndar. Nuestras modernas m\u00e1quinas \u00abSpeed Queen\u00bb usan menos jab\u00f3n, lo que las hace m\u00e1s limpias y r\u00e1pidas y ahorra dinero a nuestros clientes en detergente.<\/p>\n\n\n\n<p>Aceptamos Visa \/ Mastercard, tarjetas de d\u00e9bito, monedas, tarjetas EBT y tarjetas de lavado Laundromart donde obtendr\u00e1 un bono adicional del 10% por cada $ 10 o m\u00e1s comprados. Esta tarjeta es perfecta para las empresas que frecuentan nuestra lavander\u00eda. Las tarjetas se pueden recargar a trav\u00e9s de su computadora o tel\u00e9fono inteligente. Puede ver qu\u00e9 tan ocupada est\u00e1 la lavander\u00eda e incluso qu\u00e9 m\u00e1quinas est\u00e1n en uso para poder planificar su visita en consecuencia.<\/p>\n\n\n\n<p>Mientras su ciclo gira, puede optar por leer un buen libro, comprar comida china o patrocinar a otras empresas en el mismo centro comercial en Rt. 192. Estas empresas incluyen: supermercado Publix, gasolinera Speedway, Anytime Fitness, Fantastic Sam\u2019s Hair salon, sal\u00f3n de manicura o Papa John\u2019s Pizza. Incluso puede lavar su autom\u00f3vil mientras lava su ropa.<\/p>\n\n\n\n<div class=\"wp-block-image\"><figure class=\"aligncenter\"><img loading=\"lazy\" decoding=\"async\" width=\"300\" height=\"225\" src=\"https:\/\/www.bestcoinlaundry.com\/wp-content\/uploads\/2012\/09\/IMG_5486-300x225.jpg\" alt=\"IMG_5486\" class=\"wp-image-124\" srcset=\"https:\/\/www.bestcoinlaundry.com\/wp-content\/uploads\/2012\/09\/IMG_5486-300x225.jpg 300w, https:\/\/www.bestcoinlaundry.com\/wp-content\/uploads\/2012\/09\/IMG_5486.jpg 640w\" sizes=\"(max-width: 300px) 100vw, 300px\" \/><\/figure><\/div>\n","protected":false},"excerpt":{"rendered":"<p>Mejor Laundromart Four Corners, 17445 US Hwy 192, Clermont, FL 34174 (Suite 1) \u00a1Instalaciones y servicios! Laundromart Four Corners, 17445 US Hwy 192, Clermont, FL 34174, se encuentra en el centro comercial Publix. No es tu t\u00edpica lavander\u00eda. Ofrecemos un servicio de lavado-secado-plegado que generalmente se completa dentro de las 24 horas posteriores a la [&hellip;]<\/p>\n","protected":false},"author":3,"featured_media":2029,"parent":1054,"menu_order":0,"comment_status":"closed","ping_status":"closed","template":"","meta":{"footnotes":""},"class_list":["post-1067","page","type-page","status-publish","has-post-thumbnail","hentry"],"yoast_head":"<!-- This site is optimized with the Yoast SEO plugin v27.5 - https:\/\/yoast.com\/product\/yoast-seo-wordpress\/ -->\n<title>Laundromart Four Corners,17445 US Hwy 192,Clermont FL 34714<\/title>\n<meta name=\"description\" content=\"Lavander\u00eda Four Corners, 17445 US Hwy 192, Clermont, FL 34714 no es su t\u00edpica lavander\u00eda. Ll\u00e1menos al (352) 242-2900. Ofrecemos un servicio de lavado-plegado en seco que generalmente se completa dentro de las 24 horas posteriores a la entrega.\" \/>\n<meta name=\"robots\" content=\"index, follow, max-snippet:-1, max-image-preview:large, max-video-preview:-1\" \/>\n<link rel=\"canonical\" href=\"https:\/\/www.bestcoinlaundry.com\/es\/servicio-de-lavanderia-de-autoservicio\/lavanderia-de-cuatro-esquinas\/\" \/>\n<meta property=\"og:locale\" content=\"es_ES\" \/>\n<meta property=\"og:type\" content=\"article\" \/>\n<meta property=\"og:title\" content=\"Laundromart Four Corners,17445 US Hwy 192,Clermont FL 34714\" \/>\n<meta property=\"og:description\" content=\"Lavander\u00eda Four Corners, 17445 US Hwy 192, Clermont, FL 34714 no es su t\u00edpica lavander\u00eda. Ll\u00e1menos al (352) 242-2900. Ofrecemos un servicio de lavado-plegado en seco que generalmente se completa dentro de las 24 horas posteriores a la entrega.\" \/>\n<meta property=\"og:url\" content=\"https:\/\/www.bestcoinlaundry.com\/es\/servicio-de-lavanderia-de-autoservicio\/lavanderia-de-cuatro-esquinas\/\" \/>\n<meta property=\"og:site_name\" content=\"Coin Laundry Laundromat &amp; Laundry Service | Clermont near Kissimmee FL\" \/>\n<meta property=\"article:publisher\" content=\"https:\/\/www.facebook.com\/bestcoinlaundry\/\" \/>\n<meta property=\"article:modified_time\" content=\"2021-07-06T16:51:35+00:00\" \/>\n<meta property=\"og:image\" content=\"https:\/\/www.bestcoinlaundry.com\/wp-content\/uploads\/2021\/06\/best-coin-machines-snacks.jpg\" \/>\n\t<meta property=\"og:image:width\" content=\"1500\" \/>\n\t<meta property=\"og:image:height\" content=\"1000\" \/>\n\t<meta property=\"og:image:type\" content=\"image\/jpeg\" \/>\n<meta name=\"twitter:card\" content=\"summary_large_image\" \/>\n<meta name=\"twitter:label1\" content=\"Tiempo de lectura\" \/>\n\t<meta name=\"twitter:data1\" content=\"1 minuto\" \/>\n<script type=\"application\/ld+json\" class=\"yoast-schema-graph\">{\"@context\":\"https:\\\/\\\/schema.org\",\"@graph\":[{\"@type\":\"WebPage\",\"@id\":\"https:\\\/\\\/www.bestcoinlaundry.com\\\/es\\\/servicio-de-lavanderia-de-autoservicio\\\/lavanderia-de-cuatro-esquinas\\\/\",\"url\":\"https:\\\/\\\/www.bestcoinlaundry.com\\\/es\\\/servicio-de-lavanderia-de-autoservicio\\\/lavanderia-de-cuatro-esquinas\\\/\",\"name\":\"Laundromart Four Corners,17445 US Hwy 192,Clermont FL 34714\",\"isPartOf\":{\"@id\":\"https:\\\/\\\/www.bestcoinlaundry.com\\\/es\\\/#website\"},\"primaryImageOfPage\":{\"@id\":\"https:\\\/\\\/www.bestcoinlaundry.com\\\/es\\\/servicio-de-lavanderia-de-autoservicio\\\/lavanderia-de-cuatro-esquinas\\\/#primaryimage\"},\"image\":{\"@id\":\"https:\\\/\\\/www.bestcoinlaundry.com\\\/es\\\/servicio-de-lavanderia-de-autoservicio\\\/lavanderia-de-cuatro-esquinas\\\/#primaryimage\"},\"thumbnailUrl\":\"https:\\\/\\\/www.bestcoinlaundry.com\\\/wp-content\\\/uploads\\\/2021\\\/06\\\/best-coin-machines-snacks.jpg\",\"datePublished\":\"2014-01-17T16:22:00+00:00\",\"dateModified\":\"2021-07-06T16:51:35+00:00\",\"description\":\"Lavander\u00eda Four Corners, 17445 US Hwy 192, Clermont, FL 34714 no es su t\u00edpica lavander\u00eda. Ll\u00e1menos al (352) 242-2900. Ofrecemos un servicio de lavado-plegado en seco que generalmente se completa dentro de las 24 horas posteriores a la entrega.\",\"breadcrumb\":{\"@id\":\"https:\\\/\\\/www.bestcoinlaundry.com\\\/es\\\/servicio-de-lavanderia-de-autoservicio\\\/lavanderia-de-cuatro-esquinas\\\/#breadcrumb\"},\"inLanguage\":\"es\",\"potentialAction\":[{\"@type\":\"ReadAction\",\"target\":[\"https:\\\/\\\/www.bestcoinlaundry.com\\\/es\\\/servicio-de-lavanderia-de-autoservicio\\\/lavanderia-de-cuatro-esquinas\\\/\"]}]},{\"@type\":\"ImageObject\",\"inLanguage\":\"es\",\"@id\":\"https:\\\/\\\/www.bestcoinlaundry.com\\\/es\\\/servicio-de-lavanderia-de-autoservicio\\\/lavanderia-de-cuatro-esquinas\\\/#primaryimage\",\"url\":\"https:\\\/\\\/www.bestcoinlaundry.com\\\/wp-content\\\/uploads\\\/2021\\\/06\\\/best-coin-machines-snacks.jpg\",\"contentUrl\":\"https:\\\/\\\/www.bestcoinlaundry.com\\\/wp-content\\\/uploads\\\/2021\\\/06\\\/best-coin-machines-snacks.jpg\",\"width\":1500,\"height\":1000},{\"@type\":\"BreadcrumbList\",\"@id\":\"https:\\\/\\\/www.bestcoinlaundry.com\\\/es\\\/servicio-de-lavanderia-de-autoservicio\\\/lavanderia-de-cuatro-esquinas\\\/#breadcrumb\",\"itemListElement\":[{\"@type\":\"ListItem\",\"position\":1,\"name\":\"Home\",\"item\":\"https:\\\/\\\/www.bestcoinlaundry.com\\\/es\\\/\"},{\"@type\":\"ListItem\",\"position\":2,\"name\":\"Servicio de lavander\u00eda de autoservicio\",\"item\":\"https:\\\/\\\/www.bestcoinlaundry.com\\\/es\\\/servicio-de-lavanderia-de-autoservicio\\\/\"},{\"@type\":\"ListItem\",\"position\":3,\"name\":\"Lavander\u00eda de cuatro esquinas\"}]},{\"@type\":\"WebSite\",\"@id\":\"https:\\\/\\\/www.bestcoinlaundry.com\\\/es\\\/#website\",\"url\":\"https:\\\/\\\/www.bestcoinlaundry.com\\\/es\\\/\",\"name\":\"Coin Laundry Laundromat &amp; Laundry Service | Clermont near Kissimmee FL\",\"description\":\"\",\"publisher\":{\"@id\":\"https:\\\/\\\/www.bestcoinlaundry.com\\\/es\\\/#organization\"},\"potentialAction\":[{\"@type\":\"SearchAction\",\"target\":{\"@type\":\"EntryPoint\",\"urlTemplate\":\"https:\\\/\\\/www.bestcoinlaundry.com\\\/es\\\/?s={search_term_string}\"},\"query-input\":{\"@type\":\"PropertyValueSpecification\",\"valueRequired\":true,\"valueName\":\"search_term_string\"}}],\"inLanguage\":\"es\"},{\"@type\":\"Organization\",\"@id\":\"https:\\\/\\\/www.bestcoinlaundry.com\\\/es\\\/#organization\",\"name\":\"Laundromart of Four Corners\",\"url\":\"https:\\\/\\\/www.bestcoinlaundry.com\\\/es\\\/\",\"logo\":{\"@type\":\"ImageObject\",\"inLanguage\":\"es\",\"@id\":\"https:\\\/\\\/www.bestcoinlaundry.com\\\/es\\\/#\\\/schema\\\/logo\\\/image\\\/\",\"url\":\"https:\\\/\\\/www.bestcoinlaundry.com\\\/wp-content\\\/uploads\\\/2015\\\/02\\\/laundromartfourcorners.jpg\",\"contentUrl\":\"https:\\\/\\\/www.bestcoinlaundry.com\\\/wp-content\\\/uploads\\\/2015\\\/02\\\/laundromartfourcorners.jpg\",\"width\":2295,\"height\":1785,\"caption\":\"Laundromart of Four Corners\"},\"image\":{\"@id\":\"https:\\\/\\\/www.bestcoinlaundry.com\\\/es\\\/#\\\/schema\\\/logo\\\/image\\\/\"},\"sameAs\":[\"https:\\\/\\\/www.facebook.com\\\/bestcoinlaundry\\\/\",\"https:\\\/\\\/www.instagram.com\\\/laundromart_of_four_corners\\\/\"]}]}<\/script>\n<!-- \/ Yoast SEO plugin. -->","yoast_head_json":{"title":"Laundromart Four Corners,17445 US Hwy 192,Clermont FL 34714","description":"Lavander\u00eda Four Corners, 17445 US Hwy 192, Clermont, FL 34714 no es su t\u00edpica lavander\u00eda. Ll\u00e1menos al (352) 242-2900. Ofrecemos un servicio de lavado-plegado en seco que generalmente se completa dentro de las 24 horas posteriores a la entrega.","robots":{"index":"index","follow":"follow","max-snippet":"max-snippet:-1","max-image-preview":"max-image-preview:large","max-video-preview":"max-video-preview:-1"},"canonical":"https:\/\/www.bestcoinlaundry.com\/es\/servicio-de-lavanderia-de-autoservicio\/lavanderia-de-cuatro-esquinas\/","og_locale":"es_ES","og_type":"article","og_title":"Laundromart Four Corners,17445 US Hwy 192,Clermont FL 34714","og_description":"Lavander\u00eda Four Corners, 17445 US Hwy 192, Clermont, FL 34714 no es su t\u00edpica lavander\u00eda. Ll\u00e1menos al (352) 242-2900. Ofrecemos un servicio de lavado-plegado en seco que generalmente se completa dentro de las 24 horas posteriores a la entrega.","og_url":"https:\/\/www.bestcoinlaundry.com\/es\/servicio-de-lavanderia-de-autoservicio\/lavanderia-de-cuatro-esquinas\/","og_site_name":"Coin Laundry Laundromat &amp; Laundry Service | Clermont near Kissimmee FL","article_publisher":"https:\/\/www.facebook.com\/bestcoinlaundry\/","article_modified_time":"2021-07-06T16:51:35+00:00","og_image":[{"width":1500,"height":1000,"url":"https:\/\/www.bestcoinlaundry.com\/wp-content\/uploads\/2021\/06\/best-coin-machines-snacks.jpg","type":"image\/jpeg"}],"twitter_card":"summary_large_image","twitter_misc":{"Tiempo de lectura":"1 minuto"},"schema":{"@context":"https:\/\/schema.org","@graph":[{"@type":"WebPage","@id":"https:\/\/www.bestcoinlaundry.com\/es\/servicio-de-lavanderia-de-autoservicio\/lavanderia-de-cuatro-esquinas\/","url":"https:\/\/www.bestcoinlaundry.com\/es\/servicio-de-lavanderia-de-autoservicio\/lavanderia-de-cuatro-esquinas\/","name":"Laundromart Four Corners,17445 US Hwy 192,Clermont FL 34714","isPartOf":{"@id":"https:\/\/www.bestcoinlaundry.com\/es\/#website"},"primaryImageOfPage":{"@id":"https:\/\/www.bestcoinlaundry.com\/es\/servicio-de-lavanderia-de-autoservicio\/lavanderia-de-cuatro-esquinas\/#primaryimage"},"image":{"@id":"https:\/\/www.bestcoinlaundry.com\/es\/servicio-de-lavanderia-de-autoservicio\/lavanderia-de-cuatro-esquinas\/#primaryimage"},"thumbnailUrl":"https:\/\/www.bestcoinlaundry.com\/wp-content\/uploads\/2021\/06\/best-coin-machines-snacks.jpg","datePublished":"2014-01-17T16:22:00+00:00","dateModified":"2021-07-06T16:51:35+00:00","description":"Lavander\u00eda Four Corners, 17445 US Hwy 192, Clermont, FL 34714 no es su t\u00edpica lavander\u00eda. Ll\u00e1menos al (352) 242-2900. Ofrecemos un servicio de lavado-plegado en seco que generalmente se completa dentro de las 24 horas posteriores a la entrega.","breadcrumb":{"@id":"https:\/\/www.bestcoinlaundry.com\/es\/servicio-de-lavanderia-de-autoservicio\/lavanderia-de-cuatro-esquinas\/#breadcrumb"},"inLanguage":"es","potentialAction":[{"@type":"ReadAction","target":["https:\/\/www.bestcoinlaundry.com\/es\/servicio-de-lavanderia-de-autoservicio\/lavanderia-de-cuatro-esquinas\/"]}]},{"@type":"ImageObject","inLanguage":"es","@id":"https:\/\/www.bestcoinlaundry.com\/es\/servicio-de-lavanderia-de-autoservicio\/lavanderia-de-cuatro-esquinas\/#primaryimage","url":"https:\/\/www.bestcoinlaundry.com\/wp-content\/uploads\/2021\/06\/best-coin-machines-snacks.jpg","contentUrl":"https:\/\/www.bestcoinlaundry.com\/wp-content\/uploads\/2021\/06\/best-coin-machines-snacks.jpg","width":1500,"height":1000},{"@type":"BreadcrumbList","@id":"https:\/\/www.bestcoinlaundry.com\/es\/servicio-de-lavanderia-de-autoservicio\/lavanderia-de-cuatro-esquinas\/#breadcrumb","itemListElement":[{"@type":"ListItem","position":1,"name":"Home","item":"https:\/\/www.bestcoinlaundry.com\/es\/"},{"@type":"ListItem","position":2,"name":"Servicio de lavander\u00eda de autoservicio","item":"https:\/\/www.bestcoinlaundry.com\/es\/servicio-de-lavanderia-de-autoservicio\/"},{"@type":"ListItem","position":3,"name":"Lavander\u00eda de cuatro esquinas"}]},{"@type":"WebSite","@id":"https:\/\/www.bestcoinlaundry.com\/es\/#website","url":"https:\/\/www.bestcoinlaundry.com\/es\/","name":"Coin Laundry Laundromat &amp; Laundry Service | Clermont near Kissimmee FL","description":"","publisher":{"@id":"https:\/\/www.bestcoinlaundry.com\/es\/#organization"},"potentialAction":[{"@type":"SearchAction","target":{"@type":"EntryPoint","urlTemplate":"https:\/\/www.bestcoinlaundry.com\/es\/?s={search_term_string}"},"query-input":{"@type":"PropertyValueSpecification","valueRequired":true,"valueName":"search_term_string"}}],"inLanguage":"es"},{"@type":"Organization","@id":"https:\/\/www.bestcoinlaundry.com\/es\/#organization","name":"Laundromart of Four Corners","url":"https:\/\/www.bestcoinlaundry.com\/es\/","logo":{"@type":"ImageObject","inLanguage":"es","@id":"https:\/\/www.bestcoinlaundry.com\/es\/#\/schema\/logo\/image\/","url":"https:\/\/www.bestcoinlaundry.com\/wp-content\/uploads\/2015\/02\/laundromartfourcorners.jpg","contentUrl":"https:\/\/www.bestcoinlaundry.com\/wp-content\/uploads\/2015\/02\/laundromartfourcorners.jpg","width":2295,"height":1785,"caption":"Laundromart of Four Corners"},"image":{"@id":"https:\/\/www.bestcoinlaundry.com\/es\/#\/schema\/logo\/image\/"},"sameAs":["https:\/\/www.facebook.com\/bestcoinlaundry\/","https:\/\/www.instagram.com\/laundromart_of_four_corners\/"]}]}},"_links":{"self":[{"href":"https:\/\/www.bestcoinlaundry.com\/es\/wp-json\/wp\/v2\/pages\/1067","targetHints":{"allow":["GET"]}}],"collection":[{"href":"https:\/\/www.bestcoinlaundry.com\/es\/wp-json\/wp\/v2\/pages"}],"about":[{"href":"https:\/\/www.bestcoinlaundry.com\/es\/wp-json\/wp\/v2\/types\/page"}],"author":[{"embeddable":true,"href":"https:\/\/www.bestcoinlaundry.com\/es\/wp-json\/wp\/v2\/users\/3"}],"replies":[{"embeddable":true,"href":"https:\/\/www.bestcoinlaundry.com\/es\/wp-json\/wp\/v2\/comments?post=1067"}],"version-history":[{"count":1,"href":"https:\/\/www.bestcoinlaundry.com\/es\/wp-json\/wp\/v2\/pages\/1067\/revisions"}],"predecessor-version":[{"id":2183,"href":"https:\/\/www.bestcoinlaundry.com\/es\/wp-json\/wp\/v2\/pages\/1067\/revisions\/2183"}],"up":[{"embeddable":true,"href":"https:\/\/www.bestcoinlaundry.com\/es\/wp-json\/wp\/v2\/pages\/1054"}],"wp:featuredmedia":[{"embeddable":true,"href":"https:\/\/www.bestcoinlaundry.com\/es\/wp-json\/wp\/v2\/media\/2029"}],"wp:attachment":[{"href":"https:\/\/www.bestcoinlaundry.com\/es\/wp-json\/wp\/v2\/media?parent=1067"}],"curies":[{"name":"wp","href":"https:\/\/api.w.org\/{rel}","templated":true}]}}