{"id":2688,"date":"2022-08-05T16:08:23","date_gmt":"2022-08-05T16:08:23","guid":{"rendered":"https:\/\/www.bestcoinlaundry.com\/pickup-and-delivery\/"},"modified":"2022-08-09T20:54:56","modified_gmt":"2022-08-09T20:54:56","slug":"recogida-y-entrega","status":"publish","type":"page","link":"https:\/\/www.bestcoinlaundry.com\/es\/recogida-y-entrega\/","title":{"rendered":"Recogida y Entrega"},"content":{"rendered":"<div>\n<p>    <img decoding=\"async\" src=\"\/wp-content\/uploads\/2022\/08\/delivery-pickup-best-coin.png\" alt=\"\"><\/p>\n<h1>Servicio de recogida y entrega<\/h1>\n<p>\u00abDeja tu ropa con nosotros\u00bb<\/p>\n<p><a href=\"https:\/\/app.trycents.com\/order\/business\/442\">Ordena online<\/a><\/p>\n<\/div>\n<div>\n<p>    <img decoding=\"async\" src=\"\/wp-content\/uploads\/2022\/08\/Delivery-Pickup-Mobile-Best-Coin.png\" alt=\"\"><\/p>\n<h1>Servicio de recogida y entrega<\/h1>\n<p>\u00abDeja tu ropa con nosotros\u00bb<\/p>\n<p><a href=\"https:\/\/app.trycents.com\/order\/business\/442\">ordena online<\/a><\/p>\n<\/div>\n<h1>\u00a1Ahorra tiempo! \u00a1D\u00e9janos lavar tu ropa!<\/h1>\n<p><img decoding=\"async\" src=\"\/wp-content\/uploads\/2022\/08\/spanish-best-coin-deal-2000-%C3%97-600-px.png\" alt=\"\"><\/p>\n<div>\n<ul>\n<li>Para programar su entrega, <a href=\"https:\/\/app.trycents.com\/order\/business\/442\" target=\"_blank\" rel=\"noopener\">presiona aqu\u00ed<\/a>.<\/li>\n<li>Ingrese su direcci\u00f3n y siga el resto de los pasos, su n\u00famero de tel\u00e9fono y programe una hora de recogida y una hora de entrega.<\/li>\n<li>El precio se basa en su ubicaci\u00f3n y la cantidad de ropa. Menos de 25 libras cuesta $39.95 y entre 25 y 30 libras cuesta $54.95.<\/li>\n<li>Como oferta limitada, ofrecemos $5 de descuento en su recogida y $5 de descuento en su entrega, para un total de $10 de descuento en su cargo de entrega.<\/li>\n<li>Deje su ropa en el lugar de recogida en una bolsa. El servicio recoger\u00e1 su ropa, se lavar\u00e1 y la devolver\u00e1 en la fecha de entrega solicitada.<\/li>\n<\/ul>\n<\/div>\n<ul>\n<li>\n<p>        <img decoding=\"async\" src=\"\/wp-content\/uploads\/2022\/08\/order-best-coin-laundry.png\" alt=\"\"><\/p>\n<h3>Ordenar<\/h3>\n<\/li>\n<li>\n<p>        <img decoding=\"async\" src=\"\/wp-content\/uploads\/2022\/08\/laundry-basket-best-coin-laundry.png\" alt=\"\"><\/p>\n<h3>Levantar(recoger)<\/h3>\n<\/li>\n<li>\n<p>        <img decoding=\"async\" src=\"\/wp-content\/uploads\/2022\/08\/clean-shirt-best-coin-laundry.png\" alt=\"\"><\/p>\n<h3>Limpio<\/h3>\n<\/li>\n<li>\n<p>        <img decoding=\"async\" src=\"\/wp-content\/uploads\/2022\/08\/delivery-best-coin-laundry.png\" alt=\"\"><\/p>\n<h3>Entregado<\/h3>\n<\/li>\n<\/ul>\n<h2>Precios de los servicios de recogida y entrega<\/h2>\n<div>alimentado por DoorDash<\/div>\n<ul>\n<li>\n<p>        <img decoding=\"async\" src=\"\/wp-content\/uploads\/2022\/08\/laundry-bag-best-coin-laundry.png\" alt=\"\"><\/p>\n<h3>Bolsa Llena<\/h3>\n<p>$54.95<\/p>\n<div>\n<p>Bolsa completa es cualquier cantidad de m\u00e1s de 25 libras pero menos de 30 libras<\/p>\n<p>= 4 x cargas est\u00e1ndar<\/p>\n<\/div>\n<\/li>\n<li>\n<p>        <img decoding=\"async\" src=\"\/wp-content\/uploads\/2022\/08\/laundry-bag-best-coin-laundry.png\" alt=\"\"><\/p>\n<h3>Bolsa Parcial<\/h3>\n<p>$39.95<\/p>\n<div>\n<p>Bolsa parcial es cualquier cantidad inferior a 25 libras<\/p>\n<p>= 2-3 x cargas est\u00e1ndar<\/p>\n<\/div>\n<\/li>\n<li>\n<p>        <img decoding=\"async\" src=\"\/wp-content\/uploads\/2022\/08\/comforter-best-coin-laundry.png\" alt=\"\"><\/p>\n<h3>Edred\u00f3n<\/h3>\n<p>King &#8211; $21.95 <br \/>Queen &#8211; $18.95 <br \/>Full\/Twin &#8211; $15.95<\/p>\n<div>\n<p>Edredones de plumas + $10.00<\/p>\n<\/div>\n<\/li>\n<\/ul>\n<h3>\u00bfTiene alguna pregunta? Ll\u00e1menos al 352-242-2900 o complete el formulario a continuaci\u00f3n.<\/h3>\n<p><!--more--><br \/>\n<!-- {\"name\":\"adjusted inner pages\",\"type\":\"layout\",\"children\":[{\"type\":\"section\",\"props\":{\"style\":\"default\",\"width\":\"\",\"vertical_align\":\"middle\",\"title_position\":\"top-left\",\"title_rotation\":\"left\",\"title_breakpoint\":\"xl\",\"image_position\":\"center-center\",\"padding_remove_top\":true,\"padding_remove_bottom\":true},\"children\":[{\"type\":\"row\",\"children\":[{\"type\":\"column\",\"props\":{\"position_sticky_breakpoint\":\"m\",\"image_position\":\"center-center\",\"media_overlay_gradient\":\"\"},\"children\":[{\"type\":\"slideshow\",\"props\":{\"show_title\":true,\"show_meta\":true,\"show_content\":true,\"show_link\":true,\"show_thumbnail\":true,\"slideshow_min_height\":300,\"slideshow_autoplay_pause\":true,\"nav\":\"dotnav\",\"nav_position\":\"bottom-center\",\"nav_position_margin\":\"medium\",\"nav_align\":\"center\",\"nav_breakpoint\":\"s\",\"thumbnav_width\":\"100\",\"thumbnav_height\":\"75\",\"thumbnav_svg_color\":\"emphasis\",\"slidenav\":\"\",\"slidenav_margin\":\"medium\",\"slidenav_breakpoint\":\"s\",\"slidenav_outside_breakpoint\":\"xl\",\"overlay_position\":\"center\",\"overlay_animation\":\"fade\",\"title_element\":\"h1\",\"meta_style\":\"h2\",\"meta_align\":\"below-title\",\"meta_element\":\"div\",\"link_text\":\"Order Online\",\"link_style\":\"danger\",\"margin\":\"default\",\"slideshow_max_height\":\"600\",\"text_color\":\"light\",\"overlay_container\":\"expand\",\"overlay_container_padding\":\"\",\"overlay_style\":\"overlay-primary\",\"overlay_padding\":\"large\",\"title_style\":\"heading-medium\",\"link_target\":true,\"text_align\":\"center\",\"link_size\":\"large\",\"visibility\":\"m\"},\"children\":[{\"type\":\"slideshow_item\",\"props\":{\"image\":\"wp-content\\\/uploads\\\/2022\\\/08\\\/delivery-pickup-best-coin.png\",\"link\":\"https:\\\/\\\/app.trycents.com\\\/order\\\/business\\\/442\",\"text_color\":\"light\",\"title\":\"Servicio de recogida y entrega\",\"meta\":\"\\\"Deja tu ropa con nosotros\\\"\",\"link_text\":\"Ordena online\"}}]}]}]}]},{\"type\":\"section\",\"props\":{\"style\":\"default\",\"width\":\"\",\"vertical_align\":\"middle\",\"title_position\":\"top-left\",\"title_rotation\":\"left\",\"title_breakpoint\":\"xl\",\"image_position\":\"center-center\",\"padding_remove_top\":true,\"padding_remove_bottom\":true},\"children\":[{\"type\":\"row\",\"children\":[{\"type\":\"column\",\"props\":{\"position_sticky_breakpoint\":\"m\",\"image_position\":\"center-center\",\"media_overlay_gradient\":\"\"},\"children\":[{\"type\":\"slideshow\",\"props\":{\"show_title\":true,\"show_meta\":true,\"show_content\":true,\"show_link\":true,\"show_thumbnail\":true,\"slideshow_min_height\":\"300\",\"slideshow_autoplay_pause\":true,\"nav\":\"dotnav\",\"nav_position\":\"bottom-center\",\"nav_position_margin\":\"medium\",\"nav_align\":\"center\",\"nav_breakpoint\":\"s\",\"thumbnav_width\":\"100\",\"thumbnav_height\":\"75\",\"thumbnav_svg_color\":\"emphasis\",\"slidenav\":\"\",\"slidenav_margin\":\"medium\",\"slidenav_breakpoint\":\"s\",\"slidenav_outside_breakpoint\":\"xl\",\"overlay_position\":\"center\",\"overlay_animation\":\"fade\",\"title_element\":\"h1\",\"meta_style\":\"h4\",\"meta_align\":\"below-title\",\"meta_element\":\"div\",\"link_text\":\"Order Online\",\"link_style\":\"danger\",\"margin\":\"default\",\"slideshow_max_height\":\"600\",\"text_color\":\"light\",\"overlay_container\":\"expand\",\"overlay_container_padding\":\"\",\"overlay_style\":\"overlay-primary\",\"overlay_padding\":\"large\",\"link_target\":true,\"text_align\":\"center\",\"link_size\":\"large\",\"visibility\":\"hidden-m\"},\"children\":[{\"type\":\"slideshow_item\",\"props\":{\"image\":\"wp-content\\\/uploads\\\/2022\\\/08\\\/Delivery-Pickup-Mobile-Best-Coin.png\",\"link\":\"https:\\\/\\\/app.trycents.com\\\/order\\\/business\\\/442\",\"text_color\":\"light\",\"title\":\"Servicio de recogida y entrega\",\"meta\":\"\\\"Deja tu ropa con nosotros\\\"\",\"link_text\":\"ordena online\"}}]}]}]}]},{\"type\":\"section\",\"props\":{\"style\":\"default\",\"width\":\"default\",\"vertical_align\":\"middle\",\"title_position\":\"top-left\",\"title_rotation\":\"left\",\"title_breakpoint\":\"xl\",\"image_position\":\"center-center\",\"padding_remove_top\":false,\"padding\":\"small\",\"image\":\"\"},\"children\":[{\"type\":\"row\",\"children\":[{\"type\":\"column\",\"props\":{\"image_position\":\"center-center\",\"media_overlay_gradient\":\"\",\"width_medium\":\"\",\"position_sticky_breakpoint\":\"m\"},\"children\":[{\"type\":\"headline\",\"props\":{\"title_element\":\"h1\",\"margin\":\"medium\",\"margin_remove_bottom\":true,\"content\":\"\\u00a1Ahorra tiempo! \\u00a1D\\u00e9janos lavar tu ropa!\",\"text_align\":\"center\"}},{\"type\":\"image\",\"props\":{\"margin\":\"default\",\"image_svg_color\":\"emphasis\",\"image\":\"wp-content\\\/uploads\\\/2022\\\/08\\\/spanish-best-coin-deal-2000-\\u00d7-600-px.png\"}},{\"type\":\"text\",\"props\":{\"margin\":\"default\",\"column_breakpoint\":\"m\",\"content\":\"\n\n<ul>\\n\n\n<li>Para programar su entrega, <a href=\\\"https:\\\/\\\/app.trycents.com\\\/order\\\/business\\\/442\\\" target=\\\"_blank\\\" rel=\\\"noopener\\\">presiona aqu\\u00ed<\\\/a>.<\\\/li>\\n\n\n<li>Ingrese su direcci\\u00f3n y siga el resto de los pasos, su n\\u00famero de tel\\u00e9fono y programe una hora de recogida y una hora de entrega.<\\\/li>\\n\n\n<li>El precio se basa en su ubicaci\\u00f3n y la cantidad de ropa. Menos de 25 libras cuesta $39.95 y entre 25 y 30 libras cuesta $54.95.<\\\/li>\\n\n\n<li>Como oferta limitada, ofrecemos $5 de descuento en su recogida y $5 de descuento en su entrega, para un total de $10 de descuento en su cargo de entrega.<\\\/li>\\n\n\n<li>Deje su ropa en el lugar de recogida en una bolsa. El servicio recoger\\u00e1 su ropa, se lavar\\u00e1 y la devolver\\u00e1 en la fecha de entrega solicitada.<\\\/li>\\n<\\\/ul>\"}}]}]}]},{\"type\":\"section\",\"props\":{\"style\":\"primary\",\"width\":\"default\",\"vertical_align\":\"middle\",\"title_position\":\"top-left\",\"title_rotation\":\"left\",\"title_breakpoint\":\"xl\",\"image_position\":\"center-center\",\"padding_remove_top\":false,\"padding\":\"small\",\"image\":\"\"},\"children\":[{\"type\":\"row\",\"children\":[{\"type\":\"column\",\"props\":{\"position_sticky_breakpoint\":\"m\",\"image_position\":\"center-center\",\"media_overlay_gradient\":\"\"},\"children\":[{\"type\":\"grid\",\"props\":{\"show_title\":true,\"show_meta\":true,\"show_content\":true,\"show_image\":true,\"show_link\":true,\"grid_default\":\"1\",\"grid_medium\":\"4\",\"filter_style\":\"tab\",\"filter_all\":true,\"filter_position\":\"top\",\"filter_align\":\"left\",\"filter_grid_width\":\"auto\",\"filter_grid_breakpoint\":\"m\",\"title_hover_style\":\"reset\",\"title_element\":\"h3\",\"title_align\":\"top\",\"title_grid_width\":\"1-2\",\"title_grid_breakpoint\":\"m\",\"meta_style\":\"heading-large\",\"meta_align\":\"above-title\",\"meta_element\":\"div\",\"content_column_breakpoint\":\"m\",\"icon_width\":80,\"image_align\":\"top\",\"image_grid_width\":\"1-2\",\"image_grid_breakpoint\":\"m\",\"image_svg_color\":\"emphasis\",\"link_text\":\"Read more\",\"link_style\":\"default\",\"margin\":\"default\",\"item_animation\":true,\"text_align\":\"center\",\"meta_color\":\"success\",\"image_width\":\"100\",\"image_height\":\"100\",\"title_style\":\"h2\",\"title_color\":\"emphasis\",\"grid_divider\":true},\"children\":[{\"type\":\"grid_item\",\"props\":{\"title\":\"Ordenar\",\"icon\":\"\",\"meta\":\"\",\"image\":\"wp-content\\\/uploads\\\/2022\\\/08\\\/order-best-coin-laundry.png\"}},{\"type\":\"grid_item\",\"props\":{\"title\":\"Levantar(recoger)\",\"icon\":\"\",\"meta\":\"\",\"image\":\"wp-content\\\/uploads\\\/2022\\\/08\\\/laundry-basket-best-coin-laundry.png\"}},{\"type\":\"grid_item\",\"props\":{\"title\":\"Limpio\",\"icon\":\"\",\"meta\":\"\",\"content\":\"\",\"image\":\"wp-content\\\/uploads\\\/2022\\\/08\\\/clean-shirt-best-coin-laundry.png\"}},{\"type\":\"grid_item\",\"props\":{\"title\":\"Entregado\",\"icon\":\"\",\"meta\":\"\",\"image\":\"wp-content\\\/uploads\\\/2022\\\/08\\\/delivery-best-coin-laundry.png\"}}]}]}]}]},{\"type\":\"section\",\"props\":{\"style\":\"default\",\"width\":\"default\",\"vertical_align\":\"middle\",\"title_position\":\"top-left\",\"title_rotation\":\"left\",\"title_breakpoint\":\"xl\",\"image_position\":\"center-center\"},\"children\":[{\"type\":\"row\",\"children\":[{\"type\":\"column\",\"props\":{\"position_sticky_breakpoint\":\"m\",\"image_position\":\"center-center\",\"media_overlay_gradient\":\"\"},\"children\":[{\"type\":\"headline\",\"props\":{\"title_element\":\"h2\",\"content\":\"Precios de los servicios de recogida y entrega\",\"text_align\":\"center\"}},{\"type\":\"headline\",\"props\":{\"title_element\":\"div\",\"content\":\"alimentado por DoorDash\",\"text_align\":\"center\",\"title_style\":\"h5\"}},{\"type\":\"grid\",\"props\":{\"show_title\":true,\"show_meta\":true,\"show_content\":true,\"show_image\":true,\"show_link\":true,\"grid_default\":\"1\",\"grid_medium\":\"3\",\"filter_style\":\"tab\",\"filter_all\":true,\"filter_position\":\"top\",\"filter_align\":\"left\",\"filter_grid_width\":\"auto\",\"filter_grid_breakpoint\":\"m\",\"title_hover_style\":\"reset\",\"title_element\":\"h3\",\"title_align\":\"top\",\"title_grid_width\":\"1-2\",\"title_grid_breakpoint\":\"m\",\"meta_style\":\"h4\",\"meta_align\":\"below-title\",\"meta_element\":\"div\",\"content_column_breakpoint\":\"m\",\"icon_width\":80,\"image_align\":\"top\",\"image_grid_width\":\"1-2\",\"image_grid_breakpoint\":\"m\",\"image_svg_color\":\"emphasis\",\"link_text\":\"Read more\",\"link_style\":\"default\",\"margin\":\"default\",\"item_animation\":true,\"panel_style\":\"card-default\",\"panel_padding\":\"small\",\"image_width\":\"100\",\"image_height\":\"100\",\"text_align\":\"center\",\"meta_color\":\"emphasis\"},\"children\":[{\"type\":\"grid_item\",\"props\":{\"title\":\"Bolsa Llena\",\"meta\":\"$54.95\",\"content\":\"\n\n<p>Bolsa completa es cualquier cantidad de m\\u00e1s de 25 libras pero menos de 30 libras<\\\/p>\\n\n\n<p>= 4 x cargas est\\u00e1ndar<\\\/p>\",\"image\":\"wp-content\\\/uploads\\\/2022\\\/08\\\/laundry-bag-best-coin-laundry.png\"}},{\"type\":\"grid_item\",\"props\":{\"title\":\"Bolsa Parcial\",\"meta\":\"$39.95\",\"content\":\"\n\n<p>Bolsa parcial es cualquier cantidad inferior a 25 libras<\\\/p>\\n\n\n<p>= 2-3 x cargas est\\u00e1ndar<\\\/p>\",\"image\":\"wp-content\\\/uploads\\\/2022\\\/08\\\/laundry-bag-best-coin-laundry.png\"}},{\"type\":\"grid_item\",\"props\":{\"title\":\"Edred\\u00f3n\",\"meta\":\"King - $21.95 <br \/>Queen - $18.95 <br \/>Full\\\/Twin - $15.95\",\"content\":\"\n\n<p>Edredones de plumas + $10.00<\\\/p>\",\"image\":\"wp-content\\\/uploads\\\/2022\\\/08\\\/comforter-best-coin-laundry.png\"}}]},{\"type\":\"headline\",\"props\":{\"title_element\":\"h3\",\"content\":\"\\u00bfTiene alguna pregunta? Ll\\u00e1menos al 352-242-2900 o complete el formulario a continuaci\\u00f3n.\",\"text_align\":\"center\"}}]}]}]}],\"version\":\"2.7.22\"} --><\/p>\n","protected":false},"excerpt":{"rendered":"<p>Servicio de recogida y entrega \u00abDeja tu ropa con nosotros\u00bb Ordena online Servicio de recogida y entrega \u00abDeja tu ropa con nosotros\u00bb ordena online \u00a1Ahorra tiempo! \u00a1D\u00e9janos lavar tu ropa! Para programar su entrega, presiona aqu\u00ed. Ingrese su direcci\u00f3n y siga el resto de los pasos, su n\u00famero de tel\u00e9fono y programe una hora de [&hellip;]<\/p>\n","protected":false},"author":5,"featured_media":0,"parent":0,"menu_order":0,"comment_status":"closed","ping_status":"closed","template":"","meta":{"footnotes":""},"class_list":["post-2688","page","type-page","status-publish","hentry"],"yoast_head":"<!-- This site is optimized with the Yoast SEO plugin v27.5 - https:\/\/yoast.com\/product\/yoast-seo-wordpress\/ -->\n<title>Recogida y Entrega - Coin Laundry Laundromat &amp; Laundry Service | Clermont near Kissimmee FL<\/title>\n<meta name=\"robots\" content=\"index, follow, max-snippet:-1, max-image-preview:large, max-video-preview:-1\" \/>\n<link rel=\"canonical\" href=\"https:\/\/www.bestcoinlaundry.com\/es\/recogida-y-entrega\/\" \/>\n<meta property=\"og:locale\" content=\"es_ES\" \/>\n<meta property=\"og:type\" content=\"article\" \/>\n<meta property=\"og:title\" content=\"Recogida y Entrega - Coin Laundry Laundromat &amp; Laundry Service | Clermont near Kissimmee FL\" \/>\n<meta property=\"og:description\" content=\"Servicio de recogida y entrega \u00abDeja tu ropa con nosotros\u00bb Ordena online Servicio de recogida y entrega \u00abDeja tu ropa con nosotros\u00bb ordena online \u00a1Ahorra tiempo! \u00a1D\u00e9janos lavar tu ropa! Para programar su entrega, presiona aqu\u00ed. Ingrese su direcci\u00f3n y siga el resto de los pasos, su n\u00famero de tel\u00e9fono y programe una hora de [&hellip;]\" \/>\n<meta property=\"og:url\" content=\"https:\/\/www.bestcoinlaundry.com\/es\/recogida-y-entrega\/\" \/>\n<meta property=\"og:site_name\" content=\"Coin Laundry Laundromat &amp; Laundry Service | Clermont near Kissimmee FL\" \/>\n<meta property=\"article:publisher\" content=\"https:\/\/www.facebook.com\/bestcoinlaundry\/\" \/>\n<meta property=\"article:modified_time\" content=\"2022-08-09T20:54:56+00:00\" \/>\n<meta name=\"twitter:card\" content=\"summary_large_image\" \/>\n<script type=\"application\/ld+json\" class=\"yoast-schema-graph\">{\"@context\":\"https:\\\/\\\/schema.org\",\"@graph\":[{\"@type\":\"WebPage\",\"@id\":\"https:\\\/\\\/www.bestcoinlaundry.com\\\/es\\\/recogida-y-entrega\\\/\",\"url\":\"https:\\\/\\\/www.bestcoinlaundry.com\\\/es\\\/recogida-y-entrega\\\/\",\"name\":\"Recogida y Entrega - Coin Laundry Laundromat &amp; Laundry Service | Clermont near Kissimmee FL\",\"isPartOf\":{\"@id\":\"https:\\\/\\\/www.bestcoinlaundry.com\\\/es\\\/#website\"},\"datePublished\":\"2022-08-05T16:08:23+00:00\",\"dateModified\":\"2022-08-09T20:54:56+00:00\",\"breadcrumb\":{\"@id\":\"https:\\\/\\\/www.bestcoinlaundry.com\\\/es\\\/recogida-y-entrega\\\/#breadcrumb\"},\"inLanguage\":\"es\",\"potentialAction\":[{\"@type\":\"ReadAction\",\"target\":[\"https:\\\/\\\/www.bestcoinlaundry.com\\\/es\\\/recogida-y-entrega\\\/\"]}]},{\"@type\":\"BreadcrumbList\",\"@id\":\"https:\\\/\\\/www.bestcoinlaundry.com\\\/es\\\/recogida-y-entrega\\\/#breadcrumb\",\"itemListElement\":[{\"@type\":\"ListItem\",\"position\":1,\"name\":\"Home\",\"item\":\"https:\\\/\\\/www.bestcoinlaundry.com\\\/es\\\/\"},{\"@type\":\"ListItem\",\"position\":2,\"name\":\"Recogida y Entrega\"}]},{\"@type\":\"WebSite\",\"@id\":\"https:\\\/\\\/www.bestcoinlaundry.com\\\/es\\\/#website\",\"url\":\"https:\\\/\\\/www.bestcoinlaundry.com\\\/es\\\/\",\"name\":\"Coin Laundry Laundromat &amp; Laundry Service | Clermont near Kissimmee FL\",\"description\":\"\",\"publisher\":{\"@id\":\"https:\\\/\\\/www.bestcoinlaundry.com\\\/es\\\/#organization\"},\"potentialAction\":[{\"@type\":\"SearchAction\",\"target\":{\"@type\":\"EntryPoint\",\"urlTemplate\":\"https:\\\/\\\/www.bestcoinlaundry.com\\\/es\\\/?s={search_term_string}\"},\"query-input\":{\"@type\":\"PropertyValueSpecification\",\"valueRequired\":true,\"valueName\":\"search_term_string\"}}],\"inLanguage\":\"es\"},{\"@type\":\"Organization\",\"@id\":\"https:\\\/\\\/www.bestcoinlaundry.com\\\/es\\\/#organization\",\"name\":\"Laundromart of Four Corners\",\"url\":\"https:\\\/\\\/www.bestcoinlaundry.com\\\/es\\\/\",\"logo\":{\"@type\":\"ImageObject\",\"inLanguage\":\"es\",\"@id\":\"https:\\\/\\\/www.bestcoinlaundry.com\\\/es\\\/#\\\/schema\\\/logo\\\/image\\\/\",\"url\":\"https:\\\/\\\/www.bestcoinlaundry.com\\\/wp-content\\\/uploads\\\/2015\\\/02\\\/laundromartfourcorners.jpg\",\"contentUrl\":\"https:\\\/\\\/www.bestcoinlaundry.com\\\/wp-content\\\/uploads\\\/2015\\\/02\\\/laundromartfourcorners.jpg\",\"width\":2295,\"height\":1785,\"caption\":\"Laundromart of Four Corners\"},\"image\":{\"@id\":\"https:\\\/\\\/www.bestcoinlaundry.com\\\/es\\\/#\\\/schema\\\/logo\\\/image\\\/\"},\"sameAs\":[\"https:\\\/\\\/www.facebook.com\\\/bestcoinlaundry\\\/\",\"https:\\\/\\\/www.instagram.com\\\/laundromart_of_four_corners\\\/\"]}]}<\/script>\n<!-- \/ Yoast SEO plugin. -->","yoast_head_json":{"title":"Recogida y Entrega - Coin Laundry Laundromat &amp; Laundry Service | Clermont near Kissimmee FL","robots":{"index":"index","follow":"follow","max-snippet":"max-snippet:-1","max-image-preview":"max-image-preview:large","max-video-preview":"max-video-preview:-1"},"canonical":"https:\/\/www.bestcoinlaundry.com\/es\/recogida-y-entrega\/","og_locale":"es_ES","og_type":"article","og_title":"Recogida y Entrega - Coin Laundry Laundromat &amp; Laundry Service | Clermont near Kissimmee FL","og_description":"Servicio de recogida y entrega \u00abDeja tu ropa con nosotros\u00bb Ordena online Servicio de recogida y entrega \u00abDeja tu ropa con nosotros\u00bb ordena online \u00a1Ahorra tiempo! \u00a1D\u00e9janos lavar tu ropa! Para programar su entrega, presiona aqu\u00ed. Ingrese su direcci\u00f3n y siga el resto de los pasos, su n\u00famero de tel\u00e9fono y programe una hora de [&hellip;]","og_url":"https:\/\/www.bestcoinlaundry.com\/es\/recogida-y-entrega\/","og_site_name":"Coin Laundry Laundromat &amp; Laundry Service | Clermont near Kissimmee FL","article_publisher":"https:\/\/www.facebook.com\/bestcoinlaundry\/","article_modified_time":"2022-08-09T20:54:56+00:00","twitter_card":"summary_large_image","schema":{"@context":"https:\/\/schema.org","@graph":[{"@type":"WebPage","@id":"https:\/\/www.bestcoinlaundry.com\/es\/recogida-y-entrega\/","url":"https:\/\/www.bestcoinlaundry.com\/es\/recogida-y-entrega\/","name":"Recogida y Entrega - Coin Laundry Laundromat &amp; Laundry Service | Clermont near Kissimmee FL","isPartOf":{"@id":"https:\/\/www.bestcoinlaundry.com\/es\/#website"},"datePublished":"2022-08-05T16:08:23+00:00","dateModified":"2022-08-09T20:54:56+00:00","breadcrumb":{"@id":"https:\/\/www.bestcoinlaundry.com\/es\/recogida-y-entrega\/#breadcrumb"},"inLanguage":"es","potentialAction":[{"@type":"ReadAction","target":["https:\/\/www.bestcoinlaundry.com\/es\/recogida-y-entrega\/"]}]},{"@type":"BreadcrumbList","@id":"https:\/\/www.bestcoinlaundry.com\/es\/recogida-y-entrega\/#breadcrumb","itemListElement":[{"@type":"ListItem","position":1,"name":"Home","item":"https:\/\/www.bestcoinlaundry.com\/es\/"},{"@type":"ListItem","position":2,"name":"Recogida y Entrega"}]},{"@type":"WebSite","@id":"https:\/\/www.bestcoinlaundry.com\/es\/#website","url":"https:\/\/www.bestcoinlaundry.com\/es\/","name":"Coin Laundry Laundromat &amp; Laundry Service | Clermont near Kissimmee FL","description":"","publisher":{"@id":"https:\/\/www.bestcoinlaundry.com\/es\/#organization"},"potentialAction":[{"@type":"SearchAction","target":{"@type":"EntryPoint","urlTemplate":"https:\/\/www.bestcoinlaundry.com\/es\/?s={search_term_string}"},"query-input":{"@type":"PropertyValueSpecification","valueRequired":true,"valueName":"search_term_string"}}],"inLanguage":"es"},{"@type":"Organization","@id":"https:\/\/www.bestcoinlaundry.com\/es\/#organization","name":"Laundromart of Four Corners","url":"https:\/\/www.bestcoinlaundry.com\/es\/","logo":{"@type":"ImageObject","inLanguage":"es","@id":"https:\/\/www.bestcoinlaundry.com\/es\/#\/schema\/logo\/image\/","url":"https:\/\/www.bestcoinlaundry.com\/wp-content\/uploads\/2015\/02\/laundromartfourcorners.jpg","contentUrl":"https:\/\/www.bestcoinlaundry.com\/wp-content\/uploads\/2015\/02\/laundromartfourcorners.jpg","width":2295,"height":1785,"caption":"Laundromart of Four Corners"},"image":{"@id":"https:\/\/www.bestcoinlaundry.com\/es\/#\/schema\/logo\/image\/"},"sameAs":["https:\/\/www.facebook.com\/bestcoinlaundry\/","https:\/\/www.instagram.com\/laundromart_of_four_corners\/"]}]}},"_links":{"self":[{"href":"https:\/\/www.bestcoinlaundry.com\/es\/wp-json\/wp\/v2\/pages\/2688","targetHints":{"allow":["GET"]}}],"collection":[{"href":"https:\/\/www.bestcoinlaundry.com\/es\/wp-json\/wp\/v2\/pages"}],"about":[{"href":"https:\/\/www.bestcoinlaundry.com\/es\/wp-json\/wp\/v2\/types\/page"}],"author":[{"embeddable":true,"href":"https:\/\/www.bestcoinlaundry.com\/es\/wp-json\/wp\/v2\/users\/5"}],"replies":[{"embeddable":true,"href":"https:\/\/www.bestcoinlaundry.com\/es\/wp-json\/wp\/v2\/comments?post=2688"}],"version-history":[{"count":5,"href":"https:\/\/www.bestcoinlaundry.com\/es\/wp-json\/wp\/v2\/pages\/2688\/revisions"}],"predecessor-version":[{"id":2702,"href":"https:\/\/www.bestcoinlaundry.com\/es\/wp-json\/wp\/v2\/pages\/2688\/revisions\/2702"}],"wp:attachment":[{"href":"https:\/\/www.bestcoinlaundry.com\/es\/wp-json\/wp\/v2\/media?parent=2688"}],"curies":[{"name":"wp","href":"https:\/\/api.w.org\/{rel}","templated":true}]}}